{"id":572,"date":"2025-11-02T15:08:38","date_gmt":"2025-11-02T14:08:38","guid":{"rendered":"https:\/\/vivecreations.com\/product\/sac-pp-s-gris-triangle-jaune\/"},"modified":"2026-03-20T10:27:41","modified_gmt":"2026-03-20T09:27:41","slug":"sac-pp-s-gris-triangle-jaune","status":"publish","type":"product","link":"https:\/\/vivecreations.com\/vitrine\/product\/sac-pp-s-gris-triangle-jaune\/","title":{"rendered":"Sac P&#038;P&rsquo;s Gris, Triangle Jaune"},"content":{"rendered":"<p>Bandouli\u00e8re environ 100 cm.<br \/>\nUn compartiment rond, devant, ferm\u00e9 par un zip.<br \/>\nUne poche zipp\u00e9e\u00a0int\u00e9rieure.<br \/>\nUne grande poche au dos du sac, ferm\u00e9e par un zip, avec un mousqueton pour les clefs.<\/p>\n","protected":false},"excerpt":{"rendered":"<p>Un sac\u00a0original, pratique et s\u00fbr ! C&rsquo;est le produit phare de ma collection.<\/p>\n<p>En cuir de veau pleine fleur, il se porte facilement en bandouli\u00e8re de deux fa\u00e7ons diff\u00e9rentes,\u00a0ainsi qu&rsquo;\u00e0\u00a0l&rsquo;\u00e9paule, en raccourcissant la bandouli\u00e8re gr\u00e2ce au velcro.<\/p>\n","protected":false},"featured_media":569,"template":"","meta":[],"product_brand":[],"product_cat":[28],"product_tag":[],"class_list":{"0":"post-572","1":"product","2":"type-product","3":"status-publish","4":"has-post-thumbnail","6":"product_cat-pp-s","8":"first","9":"instock","10":"featured","11":"shipping-taxable","12":"purchasable","13":"product-type-simple"},"yoast_head":"<!-- This site is optimized with the Yoast SEO plugin v27.3 - https:\/\/yoast.com\/product\/yoast-seo-wordpress\/ -->\n<title>Sac P&amp;P&#039;s Gris, Triangle Jaune - Vive Cr\u00e9ations<\/title>\n<meta name=\"robots\" content=\"index, follow, max-snippet:-1, max-image-preview:large, max-video-preview:-1\" \/>\n<link rel=\"canonical\" href=\"https:\/\/vivecreations.com\/vitrine\/product\/sac-pp-s-gris-triangle-jaune\/\" \/>\n<meta property=\"og:locale\" content=\"fr_FR\" \/>\n<meta property=\"og:type\" content=\"article\" \/>\n<meta property=\"og:title\" content=\"Sac P&amp;P&#039;s Gris, Triangle Jaune - Vive Cr\u00e9ations\" \/>\n<meta property=\"og:description\" content=\"Un sac\u00a0original, pratique et s\u00fbr ! C&#039;est le produit phare de ma collection.  En cuir de veau pleine fleur, il se porte facilement en bandouli\u00e8re de deux fa\u00e7ons diff\u00e9rentes,\u00a0ainsi qu&#039;\u00e0\u00a0l&#039;\u00e9paule, en raccourcissant la bandouli\u00e8re gr\u00e2ce au velcro.\" \/>\n<meta property=\"og:url\" content=\"https:\/\/vivecreations.com\/vitrine\/product\/sac-pp-s-gris-triangle-jaune\/\" \/>\n<meta property=\"og:site_name\" content=\"Vive Cr\u00e9ations\" \/>\n<meta property=\"article:modified_time\" content=\"2026-03-20T09:27:41+00:00\" \/>\n<meta property=\"og:image\" content=\"https:\/\/vivecreations.com\/wp-content\/uploads\/2025\/11\/678-0dd-Sac-PPs-Gris-Triangle-Jaune.jpg\" \/>\n\t<meta property=\"og:image:width\" content=\"600\" \/>\n\t<meta property=\"og:image:height\" content=\"800\" \/>\n\t<meta property=\"og:image:type\" content=\"image\/jpeg\" \/>\n<meta name=\"twitter:card\" content=\"summary_large_image\" \/>\n<script type=\"application\/ld+json\" class=\"yoast-schema-graph\">{\"@context\":\"https:\\\/\\\/schema.org\",\"@graph\":[{\"@type\":\"WebPage\",\"@id\":\"https:\\\/\\\/vivecreations.com\\\/vitrine\\\/product\\\/sac-pp-s-gris-triangle-jaune\\\/\",\"url\":\"https:\\\/\\\/vivecreations.com\\\/vitrine\\\/product\\\/sac-pp-s-gris-triangle-jaune\\\/\",\"name\":\"Sac P&P's Gris, Triangle Jaune - Vive Cr\u00e9ations\",\"isPartOf\":{\"@id\":\"https:\\\/\\\/vivecreations.com\\\/vitrine\\\/#website\"},\"primaryImageOfPage\":{\"@id\":\"https:\\\/\\\/vivecreations.com\\\/vitrine\\\/product\\\/sac-pp-s-gris-triangle-jaune\\\/#primaryimage\"},\"image\":{\"@id\":\"https:\\\/\\\/vivecreations.com\\\/vitrine\\\/product\\\/sac-pp-s-gris-triangle-jaune\\\/#primaryimage\"},\"thumbnailUrl\":\"https:\\\/\\\/vivecreations.com\\\/wp-content\\\/uploads\\\/2025\\\/11\\\/678-0dd-Sac-PPs-Gris-Triangle-Jaune.jpg\",\"datePublished\":\"2025-11-02T14:08:38+00:00\",\"dateModified\":\"2026-03-20T09:27:41+00:00\",\"breadcrumb\":{\"@id\":\"https:\\\/\\\/vivecreations.com\\\/vitrine\\\/product\\\/sac-pp-s-gris-triangle-jaune\\\/#breadcrumb\"},\"inLanguage\":\"fr-FR\",\"potentialAction\":[{\"@type\":\"ReadAction\",\"target\":[\"https:\\\/\\\/vivecreations.com\\\/vitrine\\\/product\\\/sac-pp-s-gris-triangle-jaune\\\/\"]}]},{\"@type\":\"ImageObject\",\"inLanguage\":\"fr-FR\",\"@id\":\"https:\\\/\\\/vivecreations.com\\\/vitrine\\\/product\\\/sac-pp-s-gris-triangle-jaune\\\/#primaryimage\",\"url\":\"https:\\\/\\\/vivecreations.com\\\/wp-content\\\/uploads\\\/2025\\\/11\\\/678-0dd-Sac-PPs-Gris-Triangle-Jaune.jpg\",\"contentUrl\":\"https:\\\/\\\/vivecreations.com\\\/wp-content\\\/uploads\\\/2025\\\/11\\\/678-0dd-Sac-PPs-Gris-Triangle-Jaune.jpg\",\"width\":600,\"height\":800,\"caption\":\"Sac P&P's Gris, Triangle Jaune\"},{\"@type\":\"BreadcrumbList\",\"@id\":\"https:\\\/\\\/vivecreations.com\\\/vitrine\\\/product\\\/sac-pp-s-gris-triangle-jaune\\\/#breadcrumb\",\"itemListElement\":[{\"@type\":\"ListItem\",\"position\":1,\"name\":\"Accueil\",\"item\":\"https:\\\/\\\/vivecreations.com\\\/vitrine\\\/\"},{\"@type\":\"ListItem\",\"position\":2,\"name\":\"Boutique\",\"item\":\"https:\\\/\\\/vivecreations.com\\\/vitrine\\\/?page_id=754\"},{\"@type\":\"ListItem\",\"position\":3,\"name\":\"Sac P&#038;P&rsquo;s Gris, Triangle Jaune\"}]},{\"@type\":\"WebSite\",\"@id\":\"https:\\\/\\\/vivecreations.com\\\/vitrine\\\/#website\",\"url\":\"https:\\\/\\\/vivecreations.com\\\/vitrine\\\/\",\"name\":\"Vive Cr\u00e9ations\",\"description\":\"Cr\u00e9ation de maroquinerie artisanale, cuir v\u00e9ritable\",\"publisher\":{\"@id\":\"https:\\\/\\\/vivecreations.com\\\/vitrine\\\/#\\\/schema\\\/person\\\/6d1da62b503cf195a0efa0a32dafb3a0\"},\"potentialAction\":[{\"@type\":\"SearchAction\",\"target\":{\"@type\":\"EntryPoint\",\"urlTemplate\":\"https:\\\/\\\/vivecreations.com\\\/vitrine\\\/?s={search_term_string}\"},\"query-input\":{\"@type\":\"PropertyValueSpecification\",\"valueRequired\":true,\"valueName\":\"search_term_string\"}}],\"inLanguage\":\"fr-FR\"},{\"@type\":[\"Person\",\"Organization\"],\"@id\":\"https:\\\/\\\/vivecreations.com\\\/vitrine\\\/#\\\/schema\\\/person\\\/6d1da62b503cf195a0efa0a32dafb3a0\",\"name\":\"V\u00e9ronique PLATEAU-LACOSTE\",\"image\":{\"@type\":\"ImageObject\",\"inLanguage\":\"fr-FR\",\"@id\":\"https:\\\/\\\/vivecreations.com\\\/wp-content\\\/uploads\\\/2026\\\/03\\\/LOGO-VIVE-Original-GRAND-e1773771283177.jpg\",\"url\":\"https:\\\/\\\/vivecreations.com\\\/wp-content\\\/uploads\\\/2026\\\/03\\\/LOGO-VIVE-Original-GRAND-e1773771283177.jpg\",\"contentUrl\":\"https:\\\/\\\/vivecreations.com\\\/wp-content\\\/uploads\\\/2026\\\/03\\\/LOGO-VIVE-Original-GRAND-e1773771283177.jpg\",\"width\":2006,\"height\":642,\"caption\":\"V\u00e9ronique PLATEAU-LACOSTE\"},\"logo\":{\"@id\":\"https:\\\/\\\/vivecreations.com\\\/wp-content\\\/uploads\\\/2026\\\/03\\\/LOGO-VIVE-Original-GRAND-e1773771283177.jpg\"},\"sameAs\":[\"http:\\\/\\\/vivecreations.com\"]}]}<\/script>\n<!-- \/ Yoast SEO plugin. -->","yoast_head_json":{"title":"Sac P&P's Gris, Triangle Jaune - Vive Cr\u00e9ations","robots":{"index":"index","follow":"follow","max-snippet":"max-snippet:-1","max-image-preview":"max-image-preview:large","max-video-preview":"max-video-preview:-1"},"canonical":"https:\/\/vivecreations.com\/vitrine\/product\/sac-pp-s-gris-triangle-jaune\/","og_locale":"fr_FR","og_type":"article","og_title":"Sac P&P's Gris, Triangle Jaune - Vive Cr\u00e9ations","og_description":"Un sac\u00a0original, pratique et s\u00fbr ! C'est le produit phare de ma collection.  En cuir de veau pleine fleur, il se porte facilement en bandouli\u00e8re de deux fa\u00e7ons diff\u00e9rentes,\u00a0ainsi qu'\u00e0\u00a0l'\u00e9paule, en raccourcissant la bandouli\u00e8re gr\u00e2ce au velcro.","og_url":"https:\/\/vivecreations.com\/vitrine\/product\/sac-pp-s-gris-triangle-jaune\/","og_site_name":"Vive Cr\u00e9ations","article_modified_time":"2026-03-20T09:27:41+00:00","og_image":[{"width":600,"height":800,"url":"https:\/\/vivecreations.com\/wp-content\/uploads\/2025\/11\/678-0dd-Sac-PPs-Gris-Triangle-Jaune.jpg","type":"image\/jpeg"}],"twitter_card":"summary_large_image","schema":{"@context":"https:\/\/schema.org","@graph":[{"@type":"WebPage","@id":"https:\/\/vivecreations.com\/vitrine\/product\/sac-pp-s-gris-triangle-jaune\/","url":"https:\/\/vivecreations.com\/vitrine\/product\/sac-pp-s-gris-triangle-jaune\/","name":"Sac P&P's Gris, Triangle Jaune - Vive Cr\u00e9ations","isPartOf":{"@id":"https:\/\/vivecreations.com\/vitrine\/#website"},"primaryImageOfPage":{"@id":"https:\/\/vivecreations.com\/vitrine\/product\/sac-pp-s-gris-triangle-jaune\/#primaryimage"},"image":{"@id":"https:\/\/vivecreations.com\/vitrine\/product\/sac-pp-s-gris-triangle-jaune\/#primaryimage"},"thumbnailUrl":"https:\/\/vivecreations.com\/wp-content\/uploads\/2025\/11\/678-0dd-Sac-PPs-Gris-Triangle-Jaune.jpg","datePublished":"2025-11-02T14:08:38+00:00","dateModified":"2026-03-20T09:27:41+00:00","breadcrumb":{"@id":"https:\/\/vivecreations.com\/vitrine\/product\/sac-pp-s-gris-triangle-jaune\/#breadcrumb"},"inLanguage":"fr-FR","potentialAction":[{"@type":"ReadAction","target":["https:\/\/vivecreations.com\/vitrine\/product\/sac-pp-s-gris-triangle-jaune\/"]}]},{"@type":"ImageObject","inLanguage":"fr-FR","@id":"https:\/\/vivecreations.com\/vitrine\/product\/sac-pp-s-gris-triangle-jaune\/#primaryimage","url":"https:\/\/vivecreations.com\/wp-content\/uploads\/2025\/11\/678-0dd-Sac-PPs-Gris-Triangle-Jaune.jpg","contentUrl":"https:\/\/vivecreations.com\/wp-content\/uploads\/2025\/11\/678-0dd-Sac-PPs-Gris-Triangle-Jaune.jpg","width":600,"height":800,"caption":"Sac P&P's Gris, Triangle Jaune"},{"@type":"BreadcrumbList","@id":"https:\/\/vivecreations.com\/vitrine\/product\/sac-pp-s-gris-triangle-jaune\/#breadcrumb","itemListElement":[{"@type":"ListItem","position":1,"name":"Accueil","item":"https:\/\/vivecreations.com\/vitrine\/"},{"@type":"ListItem","position":2,"name":"Boutique","item":"https:\/\/vivecreations.com\/vitrine\/?page_id=754"},{"@type":"ListItem","position":3,"name":"Sac P&#038;P&rsquo;s Gris, Triangle Jaune"}]},{"@type":"WebSite","@id":"https:\/\/vivecreations.com\/vitrine\/#website","url":"https:\/\/vivecreations.com\/vitrine\/","name":"Vive Cr\u00e9ations","description":"Cr\u00e9ation de maroquinerie artisanale, cuir v\u00e9ritable","publisher":{"@id":"https:\/\/vivecreations.com\/vitrine\/#\/schema\/person\/6d1da62b503cf195a0efa0a32dafb3a0"},"potentialAction":[{"@type":"SearchAction","target":{"@type":"EntryPoint","urlTemplate":"https:\/\/vivecreations.com\/vitrine\/?s={search_term_string}"},"query-input":{"@type":"PropertyValueSpecification","valueRequired":true,"valueName":"search_term_string"}}],"inLanguage":"fr-FR"},{"@type":["Person","Organization"],"@id":"https:\/\/vivecreations.com\/vitrine\/#\/schema\/person\/6d1da62b503cf195a0efa0a32dafb3a0","name":"V\u00e9ronique PLATEAU-LACOSTE","image":{"@type":"ImageObject","inLanguage":"fr-FR","@id":"https:\/\/vivecreations.com\/wp-content\/uploads\/2026\/03\/LOGO-VIVE-Original-GRAND-e1773771283177.jpg","url":"https:\/\/vivecreations.com\/wp-content\/uploads\/2026\/03\/LOGO-VIVE-Original-GRAND-e1773771283177.jpg","contentUrl":"https:\/\/vivecreations.com\/wp-content\/uploads\/2026\/03\/LOGO-VIVE-Original-GRAND-e1773771283177.jpg","width":2006,"height":642,"caption":"V\u00e9ronique PLATEAU-LACOSTE"},"logo":{"@id":"https:\/\/vivecreations.com\/wp-content\/uploads\/2026\/03\/LOGO-VIVE-Original-GRAND-e1773771283177.jpg"},"sameAs":["http:\/\/vivecreations.com"]}]}},"_links":{"self":[{"href":"https:\/\/vivecreations.com\/vitrine\/wp-json\/wp\/v2\/product\/572","targetHints":{"allow":["GET"]}}],"collection":[{"href":"https:\/\/vivecreations.com\/vitrine\/wp-json\/wp\/v2\/product"}],"about":[{"href":"https:\/\/vivecreations.com\/vitrine\/wp-json\/wp\/v2\/types\/product"}],"wp:featuredmedia":[{"embeddable":true,"href":"https:\/\/vivecreations.com\/vitrine\/wp-json\/wp\/v2\/media\/569"}],"wp:attachment":[{"href":"https:\/\/vivecreations.com\/vitrine\/wp-json\/wp\/v2\/media?parent=572"}],"wp:term":[{"taxonomy":"product_brand","embeddable":true,"href":"https:\/\/vivecreations.com\/vitrine\/wp-json\/wp\/v2\/product_brand?post=572"},{"taxonomy":"product_cat","embeddable":true,"href":"https:\/\/vivecreations.com\/vitrine\/wp-json\/wp\/v2\/product_cat?post=572"},{"taxonomy":"product_tag","embeddable":true,"href":"https:\/\/vivecreations.com\/vitrine\/wp-json\/wp\/v2\/product_tag?post=572"}],"curies":[{"name":"wp","href":"https:\/\/api.w.org\/{rel}","templated":true}]}}