{"id":435,"date":"2019-12-17T09:35:33","date_gmt":"2019-12-17T08:35:33","guid":{"rendered":"https:\/\/vivecreations.com\/product\/fregate-bleu-blanc\/"},"modified":"2026-03-20T10:27:42","modified_gmt":"2026-03-20T09:27:42","slug":"fregate-bleu-blanc","status":"publish","type":"product","link":"https:\/\/vivecreations.com\/vitrine\/product\/fregate-bleu-blanc\/","title":{"rendered":"Fr\u00e9gate Noir &#038; Tigr\u00e9"},"content":{"rendered":"","protected":false},"excerpt":{"rendered":"<h4 style=\"margin:18px 0px 9px;padding:0px;border:0px;font-family:Arial, Helvetica, sans-serif;font-weight:500;line-height:1.1;font-size:18px;vertical-align:baseline;color:#666666;\">D&rsquo;une grande \u00e9l\u00e9gance, ce sac vous accompagnera partout<\/h4>\n<p style=\"margin:0px 0px 1em;padding:0px;border:0px;font-family:Arial, Helvetica, sans-serif;line-height:18px;font-size:13px;vertical-align:baseline;min-height:1px;color:#666666;\">Bonne contenance pour ce sac en cuir de veau noir pleine fleur.<br \/>D\u00e9cors ch\u00e8vre poil\u00e9e imitation tigre, avec une protection transparente.<\/p>\n<p style=\"margin:0px 0px 1em;padding:0px;border:0px;font-family:Arial, Helvetica, sans-serif;line-height:18px;font-size:13px;vertical-align:baseline;min-height:1px;color:#666666;\">Enti\u00e8rement doubl\u00e9.<\/p>\n<p style=\"margin:0px 0px 1em;padding:0px;border:0px;font-family:Arial, Helvetica, sans-serif;line-height:18px;font-size:13px;vertical-align:baseline;min-height:1px;color:#666666;\">Une poche zipp\u00e9e int\u00e9rieure et deux poches plates.<br \/>Un mousqueton pour les cl\u00e9s.<\/p>\n<p style=\"margin:0px 0px 1em;padding:0px;border:0px;font-family:Arial, Helvetica, sans-serif;line-height:18px;font-size:13px;vertical-align:baseline;min-height:1px;color:#666666;\">Deux anses larges et confortables : environ 80 cm.<\/p>\n","protected":false},"featured_media":432,"template":"","meta":[],"product_brand":[],"product_cat":[33],"product_tag":[],"class_list":{"0":"post-435","1":"product","2":"type-product","3":"status-publish","4":"has-post-thumbnail","6":"product_cat-fregate","8":"first","9":"instock","10":"shipping-taxable","11":"purchasable","12":"product-type-simple"},"yoast_head":"<!-- This site is optimized with the Yoast SEO plugin v27.3 - https:\/\/yoast.com\/product\/yoast-seo-wordpress\/ -->\n<title>Fr\u00e9gate Noir &amp; Tigr\u00e9 - Vive Cr\u00e9ations<\/title>\n<meta name=\"robots\" content=\"index, follow, max-snippet:-1, max-image-preview:large, max-video-preview:-1\" \/>\n<link rel=\"canonical\" href=\"https:\/\/vivecreations.com\/vitrine\/product\/fregate-bleu-blanc\/\" \/>\n<meta property=\"og:locale\" content=\"fr_FR\" \/>\n<meta property=\"og:type\" content=\"article\" \/>\n<meta property=\"og:title\" content=\"Fr\u00e9gate Noir &amp; Tigr\u00e9 - Vive Cr\u00e9ations\" \/>\n<meta property=\"og:description\" content=\"D&#039;une grande \u00e9l\u00e9gance, ce sac vous accompagnera partout Bonne contenance pour ce sac en cuir de veau noir pleine fleur.D\u00e9cors ch\u00e8vre poil\u00e9e imitation tigre, avec une protection transparente. Enti\u00e8rement doubl\u00e9. Une poche zipp\u00e9e int\u00e9rieure et deux poches plates.Un mousqueton pour les cl\u00e9s. Deux anses larges et confortables : environ 80 cm.\" \/>\n<meta property=\"og:url\" content=\"https:\/\/vivecreations.com\/vitrine\/product\/fregate-bleu-blanc\/\" \/>\n<meta property=\"og:site_name\" content=\"Vive Cr\u00e9ations\" \/>\n<meta property=\"article:modified_time\" content=\"2026-03-20T09:27:42+00:00\" \/>\n<meta property=\"og:image\" content=\"https:\/\/vivecreations.com\/wp-content\/uploads\/2019\/12\/497-cf8-Fregate-Noir-Tigre.jpg\" \/>\n\t<meta property=\"og:image:width\" content=\"690\" \/>\n\t<meta property=\"og:image:height\" content=\"1000\" \/>\n\t<meta property=\"og:image:type\" content=\"image\/jpeg\" \/>\n<meta name=\"twitter:card\" content=\"summary_large_image\" \/>\n<script type=\"application\/ld+json\" class=\"yoast-schema-graph\">{\"@context\":\"https:\\\/\\\/schema.org\",\"@graph\":[{\"@type\":\"WebPage\",\"@id\":\"https:\\\/\\\/vivecreations.com\\\/vitrine\\\/product\\\/fregate-bleu-blanc\\\/\",\"url\":\"https:\\\/\\\/vivecreations.com\\\/vitrine\\\/product\\\/fregate-bleu-blanc\\\/\",\"name\":\"Fr\u00e9gate Noir & Tigr\u00e9 - Vive Cr\u00e9ations\",\"isPartOf\":{\"@id\":\"https:\\\/\\\/vivecreations.com\\\/vitrine\\\/#website\"},\"primaryImageOfPage\":{\"@id\":\"https:\\\/\\\/vivecreations.com\\\/vitrine\\\/product\\\/fregate-bleu-blanc\\\/#primaryimage\"},\"image\":{\"@id\":\"https:\\\/\\\/vivecreations.com\\\/vitrine\\\/product\\\/fregate-bleu-blanc\\\/#primaryimage\"},\"thumbnailUrl\":\"https:\\\/\\\/vivecreations.com\\\/wp-content\\\/uploads\\\/2019\\\/12\\\/497-cf8-Fregate-Noir-Tigre.jpg\",\"datePublished\":\"2019-12-17T08:35:33+00:00\",\"dateModified\":\"2026-03-20T09:27:42+00:00\",\"breadcrumb\":{\"@id\":\"https:\\\/\\\/vivecreations.com\\\/vitrine\\\/product\\\/fregate-bleu-blanc\\\/#breadcrumb\"},\"inLanguage\":\"fr-FR\",\"potentialAction\":[{\"@type\":\"ReadAction\",\"target\":[\"https:\\\/\\\/vivecreations.com\\\/vitrine\\\/product\\\/fregate-bleu-blanc\\\/\"]}]},{\"@type\":\"ImageObject\",\"inLanguage\":\"fr-FR\",\"@id\":\"https:\\\/\\\/vivecreations.com\\\/vitrine\\\/product\\\/fregate-bleu-blanc\\\/#primaryimage\",\"url\":\"https:\\\/\\\/vivecreations.com\\\/wp-content\\\/uploads\\\/2019\\\/12\\\/497-cf8-Fregate-Noir-Tigre.jpg\",\"contentUrl\":\"https:\\\/\\\/vivecreations.com\\\/wp-content\\\/uploads\\\/2019\\\/12\\\/497-cf8-Fregate-Noir-Tigre.jpg\",\"width\":690,\"height\":1000,\"caption\":\"Fr\u00e9gate Noir & Tigr\u00e9\"},{\"@type\":\"BreadcrumbList\",\"@id\":\"https:\\\/\\\/vivecreations.com\\\/vitrine\\\/product\\\/fregate-bleu-blanc\\\/#breadcrumb\",\"itemListElement\":[{\"@type\":\"ListItem\",\"position\":1,\"name\":\"Accueil\",\"item\":\"https:\\\/\\\/vivecreations.com\\\/vitrine\\\/\"},{\"@type\":\"ListItem\",\"position\":2,\"name\":\"Boutique\",\"item\":\"https:\\\/\\\/vivecreations.com\\\/vitrine\\\/?page_id=754\"},{\"@type\":\"ListItem\",\"position\":3,\"name\":\"Fr\u00e9gate Noir &#038; Tigr\u00e9\"}]},{\"@type\":\"WebSite\",\"@id\":\"https:\\\/\\\/vivecreations.com\\\/vitrine\\\/#website\",\"url\":\"https:\\\/\\\/vivecreations.com\\\/vitrine\\\/\",\"name\":\"Vive Cr\u00e9ations\",\"description\":\"Cr\u00e9ation de maroquinerie artisanale, cuir v\u00e9ritable\",\"publisher\":{\"@id\":\"https:\\\/\\\/vivecreations.com\\\/vitrine\\\/#\\\/schema\\\/person\\\/6d1da62b503cf195a0efa0a32dafb3a0\"},\"potentialAction\":[{\"@type\":\"SearchAction\",\"target\":{\"@type\":\"EntryPoint\",\"urlTemplate\":\"https:\\\/\\\/vivecreations.com\\\/vitrine\\\/?s={search_term_string}\"},\"query-input\":{\"@type\":\"PropertyValueSpecification\",\"valueRequired\":true,\"valueName\":\"search_term_string\"}}],\"inLanguage\":\"fr-FR\"},{\"@type\":[\"Person\",\"Organization\"],\"@id\":\"https:\\\/\\\/vivecreations.com\\\/vitrine\\\/#\\\/schema\\\/person\\\/6d1da62b503cf195a0efa0a32dafb3a0\",\"name\":\"V\u00e9ronique PLATEAU-LACOSTE\",\"image\":{\"@type\":\"ImageObject\",\"inLanguage\":\"fr-FR\",\"@id\":\"https:\\\/\\\/vivecreations.com\\\/wp-content\\\/uploads\\\/2026\\\/03\\\/LOGO-VIVE-Original-GRAND-e1773771283177.jpg\",\"url\":\"https:\\\/\\\/vivecreations.com\\\/wp-content\\\/uploads\\\/2026\\\/03\\\/LOGO-VIVE-Original-GRAND-e1773771283177.jpg\",\"contentUrl\":\"https:\\\/\\\/vivecreations.com\\\/wp-content\\\/uploads\\\/2026\\\/03\\\/LOGO-VIVE-Original-GRAND-e1773771283177.jpg\",\"width\":2006,\"height\":642,\"caption\":\"V\u00e9ronique PLATEAU-LACOSTE\"},\"logo\":{\"@id\":\"https:\\\/\\\/vivecreations.com\\\/wp-content\\\/uploads\\\/2026\\\/03\\\/LOGO-VIVE-Original-GRAND-e1773771283177.jpg\"},\"sameAs\":[\"http:\\\/\\\/vivecreations.com\"]}]}<\/script>\n<!-- \/ Yoast SEO plugin. -->","yoast_head_json":{"title":"Fr\u00e9gate Noir & Tigr\u00e9 - Vive Cr\u00e9ations","robots":{"index":"index","follow":"follow","max-snippet":"max-snippet:-1","max-image-preview":"max-image-preview:large","max-video-preview":"max-video-preview:-1"},"canonical":"https:\/\/vivecreations.com\/vitrine\/product\/fregate-bleu-blanc\/","og_locale":"fr_FR","og_type":"article","og_title":"Fr\u00e9gate Noir & Tigr\u00e9 - Vive Cr\u00e9ations","og_description":"D'une grande \u00e9l\u00e9gance, ce sac vous accompagnera partout Bonne contenance pour ce sac en cuir de veau noir pleine fleur.D\u00e9cors ch\u00e8vre poil\u00e9e imitation tigre, avec une protection transparente. Enti\u00e8rement doubl\u00e9. Une poche zipp\u00e9e int\u00e9rieure et deux poches plates.Un mousqueton pour les cl\u00e9s. Deux anses larges et confortables : environ 80 cm.","og_url":"https:\/\/vivecreations.com\/vitrine\/product\/fregate-bleu-blanc\/","og_site_name":"Vive Cr\u00e9ations","article_modified_time":"2026-03-20T09:27:42+00:00","og_image":[{"width":690,"height":1000,"url":"https:\/\/vivecreations.com\/wp-content\/uploads\/2019\/12\/497-cf8-Fregate-Noir-Tigre.jpg","type":"image\/jpeg"}],"twitter_card":"summary_large_image","schema":{"@context":"https:\/\/schema.org","@graph":[{"@type":"WebPage","@id":"https:\/\/vivecreations.com\/vitrine\/product\/fregate-bleu-blanc\/","url":"https:\/\/vivecreations.com\/vitrine\/product\/fregate-bleu-blanc\/","name":"Fr\u00e9gate Noir & Tigr\u00e9 - Vive Cr\u00e9ations","isPartOf":{"@id":"https:\/\/vivecreations.com\/vitrine\/#website"},"primaryImageOfPage":{"@id":"https:\/\/vivecreations.com\/vitrine\/product\/fregate-bleu-blanc\/#primaryimage"},"image":{"@id":"https:\/\/vivecreations.com\/vitrine\/product\/fregate-bleu-blanc\/#primaryimage"},"thumbnailUrl":"https:\/\/vivecreations.com\/wp-content\/uploads\/2019\/12\/497-cf8-Fregate-Noir-Tigre.jpg","datePublished":"2019-12-17T08:35:33+00:00","dateModified":"2026-03-20T09:27:42+00:00","breadcrumb":{"@id":"https:\/\/vivecreations.com\/vitrine\/product\/fregate-bleu-blanc\/#breadcrumb"},"inLanguage":"fr-FR","potentialAction":[{"@type":"ReadAction","target":["https:\/\/vivecreations.com\/vitrine\/product\/fregate-bleu-blanc\/"]}]},{"@type":"ImageObject","inLanguage":"fr-FR","@id":"https:\/\/vivecreations.com\/vitrine\/product\/fregate-bleu-blanc\/#primaryimage","url":"https:\/\/vivecreations.com\/wp-content\/uploads\/2019\/12\/497-cf8-Fregate-Noir-Tigre.jpg","contentUrl":"https:\/\/vivecreations.com\/wp-content\/uploads\/2019\/12\/497-cf8-Fregate-Noir-Tigre.jpg","width":690,"height":1000,"caption":"Fr\u00e9gate Noir & Tigr\u00e9"},{"@type":"BreadcrumbList","@id":"https:\/\/vivecreations.com\/vitrine\/product\/fregate-bleu-blanc\/#breadcrumb","itemListElement":[{"@type":"ListItem","position":1,"name":"Accueil","item":"https:\/\/vivecreations.com\/vitrine\/"},{"@type":"ListItem","position":2,"name":"Boutique","item":"https:\/\/vivecreations.com\/vitrine\/?page_id=754"},{"@type":"ListItem","position":3,"name":"Fr\u00e9gate Noir &#038; Tigr\u00e9"}]},{"@type":"WebSite","@id":"https:\/\/vivecreations.com\/vitrine\/#website","url":"https:\/\/vivecreations.com\/vitrine\/","name":"Vive Cr\u00e9ations","description":"Cr\u00e9ation de maroquinerie artisanale, cuir v\u00e9ritable","publisher":{"@id":"https:\/\/vivecreations.com\/vitrine\/#\/schema\/person\/6d1da62b503cf195a0efa0a32dafb3a0"},"potentialAction":[{"@type":"SearchAction","target":{"@type":"EntryPoint","urlTemplate":"https:\/\/vivecreations.com\/vitrine\/?s={search_term_string}"},"query-input":{"@type":"PropertyValueSpecification","valueRequired":true,"valueName":"search_term_string"}}],"inLanguage":"fr-FR"},{"@type":["Person","Organization"],"@id":"https:\/\/vivecreations.com\/vitrine\/#\/schema\/person\/6d1da62b503cf195a0efa0a32dafb3a0","name":"V\u00e9ronique PLATEAU-LACOSTE","image":{"@type":"ImageObject","inLanguage":"fr-FR","@id":"https:\/\/vivecreations.com\/wp-content\/uploads\/2026\/03\/LOGO-VIVE-Original-GRAND-e1773771283177.jpg","url":"https:\/\/vivecreations.com\/wp-content\/uploads\/2026\/03\/LOGO-VIVE-Original-GRAND-e1773771283177.jpg","contentUrl":"https:\/\/vivecreations.com\/wp-content\/uploads\/2026\/03\/LOGO-VIVE-Original-GRAND-e1773771283177.jpg","width":2006,"height":642,"caption":"V\u00e9ronique PLATEAU-LACOSTE"},"logo":{"@id":"https:\/\/vivecreations.com\/wp-content\/uploads\/2026\/03\/LOGO-VIVE-Original-GRAND-e1773771283177.jpg"},"sameAs":["http:\/\/vivecreations.com"]}]}},"_links":{"self":[{"href":"https:\/\/vivecreations.com\/vitrine\/wp-json\/wp\/v2\/product\/435","targetHints":{"allow":["GET"]}}],"collection":[{"href":"https:\/\/vivecreations.com\/vitrine\/wp-json\/wp\/v2\/product"}],"about":[{"href":"https:\/\/vivecreations.com\/vitrine\/wp-json\/wp\/v2\/types\/product"}],"wp:featuredmedia":[{"embeddable":true,"href":"https:\/\/vivecreations.com\/vitrine\/wp-json\/wp\/v2\/media\/432"}],"wp:attachment":[{"href":"https:\/\/vivecreations.com\/vitrine\/wp-json\/wp\/v2\/media?parent=435"}],"wp:term":[{"taxonomy":"product_brand","embeddable":true,"href":"https:\/\/vivecreations.com\/vitrine\/wp-json\/wp\/v2\/product_brand?post=435"},{"taxonomy":"product_cat","embeddable":true,"href":"https:\/\/vivecreations.com\/vitrine\/wp-json\/wp\/v2\/product_cat?post=435"},{"taxonomy":"product_tag","embeddable":true,"href":"https:\/\/vivecreations.com\/vitrine\/wp-json\/wp\/v2\/product_tag?post=435"}],"curies":[{"name":"wp","href":"https:\/\/api.w.org\/{rel}","templated":true}]}}