{"id":403,"date":"2019-11-27T14:34:39","date_gmt":"2019-11-27T13:34:39","guid":{"rendered":"https:\/\/vivecreations.com\/product\/sac-rond-orange-feuilles-colorees-3\/"},"modified":"2026-03-20T10:27:42","modified_gmt":"2026-03-20T09:27:42","slug":"sac-rond-orange-feuilles-colorees-3","status":"publish","type":"product","link":"https:\/\/vivecreations.com\/vitrine\/product\/sac-rond-orange-feuilles-colorees-3\/","title":{"rendered":"Sac Rond &#8211; D\u00e9cors pointilliste"},"content":{"rendered":"<ul style=\"list-style-type:circle;\">\n<li><span style=\"font-family:'-webkit-standard';font-size:medium;\">Ferm\u00e9 par un zip.<\/span><\/li>\n<li><span style=\"font-family:'-webkit-standard';font-size:medium;\">Avec une poche zipp\u00e9e int\u00e9rieure.<\/span><\/li>\n<li><span style=\"font-family:'-webkit-standard';font-size:medium;\">Bandouli\u00e8re r\u00e9glable.<\/span><\/li>\n<\/ul>\n","protected":false},"excerpt":{"rendered":"<h3 style=\"margin:18px 0px 9px;padding:0px;border:0px;font-family:Arial, Helvetica, sans-serif;font-weight:500;line-height:1.1;font-size:18px;vertical-align:baseline;color:#666666;\">Sac rond, simple et pratique<\/h3>\n<p><span style=\"color:#4a4a4a;\">Sac en cuir de veau pleine fleur.<\/span><\/p>\n<p><em><span style=\"color:#bd921c;\">Ce sac a \u00e9t\u00e9 con\u00e7u avec la complicit\u00e9 de Liliane ESTE-MARCHENAY, artiste peintre ard\u00e9choise, inspir\u00e9e par l\u2019art Aborig\u00e8ne. Ce travail a \u00e9t\u00e9 r\u00e9alis\u00e9\u00a0\u00e0\u00a0la main,\u00a0sur le\u00a0cuir,\u00a0 en technique pointilliste acrylique.<\/span><\/em><\/p>\n","protected":false},"featured_media":398,"template":"","meta":[],"product_brand":[],"product_cat":[25,37,22],"product_tag":[],"class_list":{"0":"post-403","1":"product","2":"type-product","3":"status-publish","4":"has-post-thumbnail","6":"product_cat-pointilliste","7":"product_cat-sac-rond","8":"product_cat-sacs-a-main","10":"first","11":"instock","12":"shipping-taxable","13":"purchasable","14":"product-type-simple"},"yoast_head":"<!-- This site is optimized with the Yoast SEO plugin v27.3 - https:\/\/yoast.com\/product\/yoast-seo-wordpress\/ -->\n<title>Sac Rond - D\u00e9cors pointilliste - Vive Cr\u00e9ations<\/title>\n<meta name=\"robots\" content=\"index, follow, max-snippet:-1, max-image-preview:large, max-video-preview:-1\" \/>\n<link rel=\"canonical\" href=\"https:\/\/vivecreations.com\/vitrine\/product\/sac-rond-orange-feuilles-colorees-3\/\" \/>\n<meta property=\"og:locale\" content=\"fr_FR\" \/>\n<meta property=\"og:type\" content=\"article\" \/>\n<meta property=\"og:title\" content=\"Sac Rond - D\u00e9cors pointilliste - Vive Cr\u00e9ations\" \/>\n<meta property=\"og:description\" content=\"Sac rond, simple et pratique Sac en cuir de veau pleine fleur. Ce sac a \u00e9t\u00e9 con\u00e7u avec la complicit\u00e9 de Liliane ESTE-MARCHENAY, artiste peintre ard\u00e9choise, inspir\u00e9e par l\u2019art Aborig\u00e8ne. Ce travail a \u00e9t\u00e9 r\u00e9alis\u00e9\u00a0\u00e0\u00a0la main,\u00a0sur le\u00a0cuir,\u00a0 en technique pointilliste acrylique.\" \/>\n<meta property=\"og:url\" content=\"https:\/\/vivecreations.com\/vitrine\/product\/sac-rond-orange-feuilles-colorees-3\/\" \/>\n<meta property=\"og:site_name\" content=\"Vive Cr\u00e9ations\" \/>\n<meta property=\"article:modified_time\" content=\"2026-03-20T09:27:42+00:00\" \/>\n<meta property=\"og:image\" content=\"https:\/\/vivecreations.com\/wp-content\/uploads\/2019\/11\/446-929-Sac-Rond-Decors-pointilliste.jpg\" \/>\n\t<meta property=\"og:image:width\" content=\"800\" \/>\n\t<meta property=\"og:image:height\" content=\"1067\" \/>\n\t<meta property=\"og:image:type\" content=\"image\/jpeg\" \/>\n<meta name=\"twitter:card\" content=\"summary_large_image\" \/>\n<script type=\"application\/ld+json\" class=\"yoast-schema-graph\">{\"@context\":\"https:\\\/\\\/schema.org\",\"@graph\":[{\"@type\":\"WebPage\",\"@id\":\"https:\\\/\\\/vivecreations.com\\\/vitrine\\\/product\\\/sac-rond-orange-feuilles-colorees-3\\\/\",\"url\":\"https:\\\/\\\/vivecreations.com\\\/vitrine\\\/product\\\/sac-rond-orange-feuilles-colorees-3\\\/\",\"name\":\"Sac Rond - D\u00e9cors pointilliste - Vive Cr\u00e9ations\",\"isPartOf\":{\"@id\":\"https:\\\/\\\/vivecreations.com\\\/vitrine\\\/#website\"},\"primaryImageOfPage\":{\"@id\":\"https:\\\/\\\/vivecreations.com\\\/vitrine\\\/product\\\/sac-rond-orange-feuilles-colorees-3\\\/#primaryimage\"},\"image\":{\"@id\":\"https:\\\/\\\/vivecreations.com\\\/vitrine\\\/product\\\/sac-rond-orange-feuilles-colorees-3\\\/#primaryimage\"},\"thumbnailUrl\":\"https:\\\/\\\/vivecreations.com\\\/wp-content\\\/uploads\\\/2019\\\/11\\\/446-929-Sac-Rond-Decors-pointilliste.jpg\",\"datePublished\":\"2019-11-27T13:34:39+00:00\",\"dateModified\":\"2026-03-20T09:27:42+00:00\",\"breadcrumb\":{\"@id\":\"https:\\\/\\\/vivecreations.com\\\/vitrine\\\/product\\\/sac-rond-orange-feuilles-colorees-3\\\/#breadcrumb\"},\"inLanguage\":\"fr-FR\",\"potentialAction\":[{\"@type\":\"ReadAction\",\"target\":[\"https:\\\/\\\/vivecreations.com\\\/vitrine\\\/product\\\/sac-rond-orange-feuilles-colorees-3\\\/\"]}]},{\"@type\":\"ImageObject\",\"inLanguage\":\"fr-FR\",\"@id\":\"https:\\\/\\\/vivecreations.com\\\/vitrine\\\/product\\\/sac-rond-orange-feuilles-colorees-3\\\/#primaryimage\",\"url\":\"https:\\\/\\\/vivecreations.com\\\/wp-content\\\/uploads\\\/2019\\\/11\\\/446-929-Sac-Rond-Decors-pointilliste.jpg\",\"contentUrl\":\"https:\\\/\\\/vivecreations.com\\\/wp-content\\\/uploads\\\/2019\\\/11\\\/446-929-Sac-Rond-Decors-pointilliste.jpg\",\"width\":800,\"height\":1067,\"caption\":\"Sac Rond - D\u00e9cors pointilliste\"},{\"@type\":\"BreadcrumbList\",\"@id\":\"https:\\\/\\\/vivecreations.com\\\/vitrine\\\/product\\\/sac-rond-orange-feuilles-colorees-3\\\/#breadcrumb\",\"itemListElement\":[{\"@type\":\"ListItem\",\"position\":1,\"name\":\"Accueil\",\"item\":\"https:\\\/\\\/vivecreations.com\\\/vitrine\\\/\"},{\"@type\":\"ListItem\",\"position\":2,\"name\":\"Boutique\",\"item\":\"https:\\\/\\\/vivecreations.com\\\/vitrine\\\/?page_id=754\"},{\"@type\":\"ListItem\",\"position\":3,\"name\":\"Sac Rond &#8211; D\u00e9cors pointilliste\"}]},{\"@type\":\"WebSite\",\"@id\":\"https:\\\/\\\/vivecreations.com\\\/vitrine\\\/#website\",\"url\":\"https:\\\/\\\/vivecreations.com\\\/vitrine\\\/\",\"name\":\"Vive Cr\u00e9ations\",\"description\":\"Cr\u00e9ation de maroquinerie artisanale, cuir v\u00e9ritable\",\"publisher\":{\"@id\":\"https:\\\/\\\/vivecreations.com\\\/vitrine\\\/#\\\/schema\\\/person\\\/6d1da62b503cf195a0efa0a32dafb3a0\"},\"potentialAction\":[{\"@type\":\"SearchAction\",\"target\":{\"@type\":\"EntryPoint\",\"urlTemplate\":\"https:\\\/\\\/vivecreations.com\\\/vitrine\\\/?s={search_term_string}\"},\"query-input\":{\"@type\":\"PropertyValueSpecification\",\"valueRequired\":true,\"valueName\":\"search_term_string\"}}],\"inLanguage\":\"fr-FR\"},{\"@type\":[\"Person\",\"Organization\"],\"@id\":\"https:\\\/\\\/vivecreations.com\\\/vitrine\\\/#\\\/schema\\\/person\\\/6d1da62b503cf195a0efa0a32dafb3a0\",\"name\":\"V\u00e9ronique PLATEAU-LACOSTE\",\"image\":{\"@type\":\"ImageObject\",\"inLanguage\":\"fr-FR\",\"@id\":\"https:\\\/\\\/vivecreations.com\\\/wp-content\\\/uploads\\\/2026\\\/03\\\/LOGO-VIVE-Original-GRAND-e1773771283177.jpg\",\"url\":\"https:\\\/\\\/vivecreations.com\\\/wp-content\\\/uploads\\\/2026\\\/03\\\/LOGO-VIVE-Original-GRAND-e1773771283177.jpg\",\"contentUrl\":\"https:\\\/\\\/vivecreations.com\\\/wp-content\\\/uploads\\\/2026\\\/03\\\/LOGO-VIVE-Original-GRAND-e1773771283177.jpg\",\"width\":2006,\"height\":642,\"caption\":\"V\u00e9ronique PLATEAU-LACOSTE\"},\"logo\":{\"@id\":\"https:\\\/\\\/vivecreations.com\\\/wp-content\\\/uploads\\\/2026\\\/03\\\/LOGO-VIVE-Original-GRAND-e1773771283177.jpg\"},\"sameAs\":[\"http:\\\/\\\/vivecreations.com\"]}]}<\/script>\n<!-- \/ Yoast SEO plugin. -->","yoast_head_json":{"title":"Sac Rond - D\u00e9cors pointilliste - Vive Cr\u00e9ations","robots":{"index":"index","follow":"follow","max-snippet":"max-snippet:-1","max-image-preview":"max-image-preview:large","max-video-preview":"max-video-preview:-1"},"canonical":"https:\/\/vivecreations.com\/vitrine\/product\/sac-rond-orange-feuilles-colorees-3\/","og_locale":"fr_FR","og_type":"article","og_title":"Sac Rond - D\u00e9cors pointilliste - Vive Cr\u00e9ations","og_description":"Sac rond, simple et pratique Sac en cuir de veau pleine fleur. Ce sac a \u00e9t\u00e9 con\u00e7u avec la complicit\u00e9 de Liliane ESTE-MARCHENAY, artiste peintre ard\u00e9choise, inspir\u00e9e par l\u2019art Aborig\u00e8ne. Ce travail a \u00e9t\u00e9 r\u00e9alis\u00e9\u00a0\u00e0\u00a0la main,\u00a0sur le\u00a0cuir,\u00a0 en technique pointilliste acrylique.","og_url":"https:\/\/vivecreations.com\/vitrine\/product\/sac-rond-orange-feuilles-colorees-3\/","og_site_name":"Vive Cr\u00e9ations","article_modified_time":"2026-03-20T09:27:42+00:00","og_image":[{"width":800,"height":1067,"url":"https:\/\/vivecreations.com\/wp-content\/uploads\/2019\/11\/446-929-Sac-Rond-Decors-pointilliste.jpg","type":"image\/jpeg"}],"twitter_card":"summary_large_image","schema":{"@context":"https:\/\/schema.org","@graph":[{"@type":"WebPage","@id":"https:\/\/vivecreations.com\/vitrine\/product\/sac-rond-orange-feuilles-colorees-3\/","url":"https:\/\/vivecreations.com\/vitrine\/product\/sac-rond-orange-feuilles-colorees-3\/","name":"Sac Rond - D\u00e9cors pointilliste - Vive Cr\u00e9ations","isPartOf":{"@id":"https:\/\/vivecreations.com\/vitrine\/#website"},"primaryImageOfPage":{"@id":"https:\/\/vivecreations.com\/vitrine\/product\/sac-rond-orange-feuilles-colorees-3\/#primaryimage"},"image":{"@id":"https:\/\/vivecreations.com\/vitrine\/product\/sac-rond-orange-feuilles-colorees-3\/#primaryimage"},"thumbnailUrl":"https:\/\/vivecreations.com\/wp-content\/uploads\/2019\/11\/446-929-Sac-Rond-Decors-pointilliste.jpg","datePublished":"2019-11-27T13:34:39+00:00","dateModified":"2026-03-20T09:27:42+00:00","breadcrumb":{"@id":"https:\/\/vivecreations.com\/vitrine\/product\/sac-rond-orange-feuilles-colorees-3\/#breadcrumb"},"inLanguage":"fr-FR","potentialAction":[{"@type":"ReadAction","target":["https:\/\/vivecreations.com\/vitrine\/product\/sac-rond-orange-feuilles-colorees-3\/"]}]},{"@type":"ImageObject","inLanguage":"fr-FR","@id":"https:\/\/vivecreations.com\/vitrine\/product\/sac-rond-orange-feuilles-colorees-3\/#primaryimage","url":"https:\/\/vivecreations.com\/wp-content\/uploads\/2019\/11\/446-929-Sac-Rond-Decors-pointilliste.jpg","contentUrl":"https:\/\/vivecreations.com\/wp-content\/uploads\/2019\/11\/446-929-Sac-Rond-Decors-pointilliste.jpg","width":800,"height":1067,"caption":"Sac Rond - D\u00e9cors pointilliste"},{"@type":"BreadcrumbList","@id":"https:\/\/vivecreations.com\/vitrine\/product\/sac-rond-orange-feuilles-colorees-3\/#breadcrumb","itemListElement":[{"@type":"ListItem","position":1,"name":"Accueil","item":"https:\/\/vivecreations.com\/vitrine\/"},{"@type":"ListItem","position":2,"name":"Boutique","item":"https:\/\/vivecreations.com\/vitrine\/?page_id=754"},{"@type":"ListItem","position":3,"name":"Sac Rond &#8211; D\u00e9cors pointilliste"}]},{"@type":"WebSite","@id":"https:\/\/vivecreations.com\/vitrine\/#website","url":"https:\/\/vivecreations.com\/vitrine\/","name":"Vive Cr\u00e9ations","description":"Cr\u00e9ation de maroquinerie artisanale, cuir v\u00e9ritable","publisher":{"@id":"https:\/\/vivecreations.com\/vitrine\/#\/schema\/person\/6d1da62b503cf195a0efa0a32dafb3a0"},"potentialAction":[{"@type":"SearchAction","target":{"@type":"EntryPoint","urlTemplate":"https:\/\/vivecreations.com\/vitrine\/?s={search_term_string}"},"query-input":{"@type":"PropertyValueSpecification","valueRequired":true,"valueName":"search_term_string"}}],"inLanguage":"fr-FR"},{"@type":["Person","Organization"],"@id":"https:\/\/vivecreations.com\/vitrine\/#\/schema\/person\/6d1da62b503cf195a0efa0a32dafb3a0","name":"V\u00e9ronique PLATEAU-LACOSTE","image":{"@type":"ImageObject","inLanguage":"fr-FR","@id":"https:\/\/vivecreations.com\/wp-content\/uploads\/2026\/03\/LOGO-VIVE-Original-GRAND-e1773771283177.jpg","url":"https:\/\/vivecreations.com\/wp-content\/uploads\/2026\/03\/LOGO-VIVE-Original-GRAND-e1773771283177.jpg","contentUrl":"https:\/\/vivecreations.com\/wp-content\/uploads\/2026\/03\/LOGO-VIVE-Original-GRAND-e1773771283177.jpg","width":2006,"height":642,"caption":"V\u00e9ronique PLATEAU-LACOSTE"},"logo":{"@id":"https:\/\/vivecreations.com\/wp-content\/uploads\/2026\/03\/LOGO-VIVE-Original-GRAND-e1773771283177.jpg"},"sameAs":["http:\/\/vivecreations.com"]}]}},"_links":{"self":[{"href":"https:\/\/vivecreations.com\/vitrine\/wp-json\/wp\/v2\/product\/403","targetHints":{"allow":["GET"]}}],"collection":[{"href":"https:\/\/vivecreations.com\/vitrine\/wp-json\/wp\/v2\/product"}],"about":[{"href":"https:\/\/vivecreations.com\/vitrine\/wp-json\/wp\/v2\/types\/product"}],"wp:featuredmedia":[{"embeddable":true,"href":"https:\/\/vivecreations.com\/vitrine\/wp-json\/wp\/v2\/media\/398"}],"wp:attachment":[{"href":"https:\/\/vivecreations.com\/vitrine\/wp-json\/wp\/v2\/media?parent=403"}],"wp:term":[{"taxonomy":"product_brand","embeddable":true,"href":"https:\/\/vivecreations.com\/vitrine\/wp-json\/wp\/v2\/product_brand?post=403"},{"taxonomy":"product_cat","embeddable":true,"href":"https:\/\/vivecreations.com\/vitrine\/wp-json\/wp\/v2\/product_cat?post=403"},{"taxonomy":"product_tag","embeddable":true,"href":"https:\/\/vivecreations.com\/vitrine\/wp-json\/wp\/v2\/product_tag?post=403"}],"curies":[{"name":"wp","href":"https:\/\/api.w.org\/{rel}","templated":true}]}}