{"id":282,"date":"2019-01-05T22:15:32","date_gmt":"2019-01-05T21:15:32","guid":{"rendered":"https:\/\/vivecreations.com\/product\/thalie-noir-et-reptile-rose\/"},"modified":"2026-03-20T10:27:43","modified_gmt":"2026-03-20T09:27:43","slug":"thalie-noir-et-reptile-rose","status":"publish","type":"product","link":"https:\/\/vivecreations.com\/vitrine\/product\/thalie-noir-et-reptile-rose\/","title":{"rendered":"Thalie Noir et Reptile Rose"},"content":{"rendered":"","protected":false},"excerpt":{"rendered":"<h3 style=\"margin:18px 0px 9px;padding:0px;border:0px;font-family:Arial, Helvetica, sans-serif;font-weight:500;line-height:1.1;font-size:18px;vertical-align:baseline;color:#666666;\">Une forme un peu r\u00e9tro\u00a0&#8230;<\/h3>\n<p style=\"margin:0px 0px 1em;padding:0px;border:0px;font-family:Arial, Helvetica, sans-serif;line-height:18px;font-size:13px;vertical-align:baseline;min-height:1px;color:#666666;\">Une forme un peu r\u00e9tro pour ce petit sac, \u00e0 porter \u00e0 la main.<\/p>\n<p style=\"margin:0px 0px 1em;padding:0px;border:0px;font-family:Arial, Helvetica, sans-serif;line-height:18px;font-size:13px;vertical-align:baseline;min-height:1px;color:#666666;\">En cuir de veau pleine fleur.<br \/>Rabat en cuir impression reptile, avec bouton en ivoire v\u00e9g\u00e9tal.<\/p>\n<p style=\"margin:0px 0px 1em;padding:0px;border:0px;font-family:Arial, Helvetica, sans-serif;line-height:18px;font-size:13px;vertical-align:baseline;min-height:1px;color:#666666;\">Int\u00e9rieur enti\u00e8rement doubl\u00e9.<br \/>Poche zipp\u00e9e interne.<br \/>Mousqueton pour les cl\u00e9s.<\/p>\n","protected":false},"featured_media":280,"template":"","meta":[],"product_brand":[],"product_cat":[22,39],"product_tag":[],"class_list":{"0":"post-282","1":"product","2":"type-product","3":"status-publish","4":"has-post-thumbnail","6":"product_cat-sacs-a-main","7":"product_cat-thalie","9":"first","10":"instock","11":"shipping-taxable","12":"purchasable","13":"product-type-simple"},"yoast_head":"<!-- This site is optimized with the Yoast SEO plugin v27.3 - https:\/\/yoast.com\/product\/yoast-seo-wordpress\/ -->\n<title>Thalie Noir et Reptile Rose - Vive Cr\u00e9ations<\/title>\n<meta name=\"robots\" content=\"index, follow, max-snippet:-1, max-image-preview:large, max-video-preview:-1\" \/>\n<link rel=\"canonical\" href=\"https:\/\/vivecreations.com\/vitrine\/product\/thalie-noir-et-reptile-rose\/\" \/>\n<meta property=\"og:locale\" content=\"fr_FR\" \/>\n<meta property=\"og:type\" content=\"article\" \/>\n<meta property=\"og:title\" content=\"Thalie Noir et Reptile Rose - Vive Cr\u00e9ations\" \/>\n<meta property=\"og:description\" content=\"Une forme un peu r\u00e9tro\u00a0... Une forme un peu r\u00e9tro pour ce petit sac, \u00e0 porter \u00e0 la main. En cuir de veau pleine fleur.Rabat en cuir impression reptile, avec bouton en ivoire v\u00e9g\u00e9tal. Int\u00e9rieur enti\u00e8rement doubl\u00e9.Poche zipp\u00e9e interne.Mousqueton pour les cl\u00e9s.\" \/>\n<meta property=\"og:url\" content=\"https:\/\/vivecreations.com\/vitrine\/product\/thalie-noir-et-reptile-rose\/\" \/>\n<meta property=\"og:site_name\" content=\"Vive Cr\u00e9ations\" \/>\n<meta property=\"article:modified_time\" content=\"2026-03-20T09:27:43+00:00\" \/>\n<meta property=\"og:image\" content=\"https:\/\/vivecreations.com\/wp-content\/uploads\/2019\/01\/135-979-Thalie-Noir-et-Reptile-Rose.jpg\" \/>\n\t<meta property=\"og:image:width\" content=\"504\" \/>\n\t<meta property=\"og:image:height\" content=\"732\" \/>\n\t<meta property=\"og:image:type\" content=\"image\/jpeg\" \/>\n<meta name=\"twitter:card\" content=\"summary_large_image\" \/>\n<script type=\"application\/ld+json\" class=\"yoast-schema-graph\">{\"@context\":\"https:\\\/\\\/schema.org\",\"@graph\":[{\"@type\":\"WebPage\",\"@id\":\"https:\\\/\\\/vivecreations.com\\\/vitrine\\\/product\\\/thalie-noir-et-reptile-rose\\\/\",\"url\":\"https:\\\/\\\/vivecreations.com\\\/vitrine\\\/product\\\/thalie-noir-et-reptile-rose\\\/\",\"name\":\"Thalie Noir et Reptile Rose - Vive Cr\u00e9ations\",\"isPartOf\":{\"@id\":\"https:\\\/\\\/vivecreations.com\\\/vitrine\\\/#website\"},\"primaryImageOfPage\":{\"@id\":\"https:\\\/\\\/vivecreations.com\\\/vitrine\\\/product\\\/thalie-noir-et-reptile-rose\\\/#primaryimage\"},\"image\":{\"@id\":\"https:\\\/\\\/vivecreations.com\\\/vitrine\\\/product\\\/thalie-noir-et-reptile-rose\\\/#primaryimage\"},\"thumbnailUrl\":\"https:\\\/\\\/vivecreations.com\\\/wp-content\\\/uploads\\\/2019\\\/01\\\/135-979-Thalie-Noir-et-Reptile-Rose.jpg\",\"datePublished\":\"2019-01-05T21:15:32+00:00\",\"dateModified\":\"2026-03-20T09:27:43+00:00\",\"breadcrumb\":{\"@id\":\"https:\\\/\\\/vivecreations.com\\\/vitrine\\\/product\\\/thalie-noir-et-reptile-rose\\\/#breadcrumb\"},\"inLanguage\":\"fr-FR\",\"potentialAction\":[{\"@type\":\"ReadAction\",\"target\":[\"https:\\\/\\\/vivecreations.com\\\/vitrine\\\/product\\\/thalie-noir-et-reptile-rose\\\/\"]}]},{\"@type\":\"ImageObject\",\"inLanguage\":\"fr-FR\",\"@id\":\"https:\\\/\\\/vivecreations.com\\\/vitrine\\\/product\\\/thalie-noir-et-reptile-rose\\\/#primaryimage\",\"url\":\"https:\\\/\\\/vivecreations.com\\\/wp-content\\\/uploads\\\/2019\\\/01\\\/135-979-Thalie-Noir-et-Reptile-Rose.jpg\",\"contentUrl\":\"https:\\\/\\\/vivecreations.com\\\/wp-content\\\/uploads\\\/2019\\\/01\\\/135-979-Thalie-Noir-et-Reptile-Rose.jpg\",\"width\":504,\"height\":732,\"caption\":\"Thalie Noir et Reptile Rose\"},{\"@type\":\"BreadcrumbList\",\"@id\":\"https:\\\/\\\/vivecreations.com\\\/vitrine\\\/product\\\/thalie-noir-et-reptile-rose\\\/#breadcrumb\",\"itemListElement\":[{\"@type\":\"ListItem\",\"position\":1,\"name\":\"Accueil\",\"item\":\"https:\\\/\\\/vivecreations.com\\\/vitrine\\\/\"},{\"@type\":\"ListItem\",\"position\":2,\"name\":\"Boutique\",\"item\":\"https:\\\/\\\/vivecreations.com\\\/vitrine\\\/?page_id=754\"},{\"@type\":\"ListItem\",\"position\":3,\"name\":\"Thalie Noir et Reptile Rose\"}]},{\"@type\":\"WebSite\",\"@id\":\"https:\\\/\\\/vivecreations.com\\\/vitrine\\\/#website\",\"url\":\"https:\\\/\\\/vivecreations.com\\\/vitrine\\\/\",\"name\":\"Vive Cr\u00e9ations\",\"description\":\"Cr\u00e9ation de maroquinerie artisanale, cuir v\u00e9ritable\",\"publisher\":{\"@id\":\"https:\\\/\\\/vivecreations.com\\\/vitrine\\\/#\\\/schema\\\/person\\\/6d1da62b503cf195a0efa0a32dafb3a0\"},\"potentialAction\":[{\"@type\":\"SearchAction\",\"target\":{\"@type\":\"EntryPoint\",\"urlTemplate\":\"https:\\\/\\\/vivecreations.com\\\/vitrine\\\/?s={search_term_string}\"},\"query-input\":{\"@type\":\"PropertyValueSpecification\",\"valueRequired\":true,\"valueName\":\"search_term_string\"}}],\"inLanguage\":\"fr-FR\"},{\"@type\":[\"Person\",\"Organization\"],\"@id\":\"https:\\\/\\\/vivecreations.com\\\/vitrine\\\/#\\\/schema\\\/person\\\/6d1da62b503cf195a0efa0a32dafb3a0\",\"name\":\"V\u00e9ronique PLATEAU-LACOSTE\",\"image\":{\"@type\":\"ImageObject\",\"inLanguage\":\"fr-FR\",\"@id\":\"https:\\\/\\\/vivecreations.com\\\/wp-content\\\/uploads\\\/2026\\\/03\\\/LOGO-VIVE-Original-GRAND-e1773771283177.jpg\",\"url\":\"https:\\\/\\\/vivecreations.com\\\/wp-content\\\/uploads\\\/2026\\\/03\\\/LOGO-VIVE-Original-GRAND-e1773771283177.jpg\",\"contentUrl\":\"https:\\\/\\\/vivecreations.com\\\/wp-content\\\/uploads\\\/2026\\\/03\\\/LOGO-VIVE-Original-GRAND-e1773771283177.jpg\",\"width\":2006,\"height\":642,\"caption\":\"V\u00e9ronique PLATEAU-LACOSTE\"},\"logo\":{\"@id\":\"https:\\\/\\\/vivecreations.com\\\/wp-content\\\/uploads\\\/2026\\\/03\\\/LOGO-VIVE-Original-GRAND-e1773771283177.jpg\"},\"sameAs\":[\"http:\\\/\\\/vivecreations.com\"]}]}<\/script>\n<!-- \/ Yoast SEO plugin. -->","yoast_head_json":{"title":"Thalie Noir et Reptile Rose - Vive Cr\u00e9ations","robots":{"index":"index","follow":"follow","max-snippet":"max-snippet:-1","max-image-preview":"max-image-preview:large","max-video-preview":"max-video-preview:-1"},"canonical":"https:\/\/vivecreations.com\/vitrine\/product\/thalie-noir-et-reptile-rose\/","og_locale":"fr_FR","og_type":"article","og_title":"Thalie Noir et Reptile Rose - Vive Cr\u00e9ations","og_description":"Une forme un peu r\u00e9tro\u00a0... Une forme un peu r\u00e9tro pour ce petit sac, \u00e0 porter \u00e0 la main. En cuir de veau pleine fleur.Rabat en cuir impression reptile, avec bouton en ivoire v\u00e9g\u00e9tal. Int\u00e9rieur enti\u00e8rement doubl\u00e9.Poche zipp\u00e9e interne.Mousqueton pour les cl\u00e9s.","og_url":"https:\/\/vivecreations.com\/vitrine\/product\/thalie-noir-et-reptile-rose\/","og_site_name":"Vive Cr\u00e9ations","article_modified_time":"2026-03-20T09:27:43+00:00","og_image":[{"width":504,"height":732,"url":"https:\/\/vivecreations.com\/wp-content\/uploads\/2019\/01\/135-979-Thalie-Noir-et-Reptile-Rose.jpg","type":"image\/jpeg"}],"twitter_card":"summary_large_image","schema":{"@context":"https:\/\/schema.org","@graph":[{"@type":"WebPage","@id":"https:\/\/vivecreations.com\/vitrine\/product\/thalie-noir-et-reptile-rose\/","url":"https:\/\/vivecreations.com\/vitrine\/product\/thalie-noir-et-reptile-rose\/","name":"Thalie Noir et Reptile Rose - Vive Cr\u00e9ations","isPartOf":{"@id":"https:\/\/vivecreations.com\/vitrine\/#website"},"primaryImageOfPage":{"@id":"https:\/\/vivecreations.com\/vitrine\/product\/thalie-noir-et-reptile-rose\/#primaryimage"},"image":{"@id":"https:\/\/vivecreations.com\/vitrine\/product\/thalie-noir-et-reptile-rose\/#primaryimage"},"thumbnailUrl":"https:\/\/vivecreations.com\/wp-content\/uploads\/2019\/01\/135-979-Thalie-Noir-et-Reptile-Rose.jpg","datePublished":"2019-01-05T21:15:32+00:00","dateModified":"2026-03-20T09:27:43+00:00","breadcrumb":{"@id":"https:\/\/vivecreations.com\/vitrine\/product\/thalie-noir-et-reptile-rose\/#breadcrumb"},"inLanguage":"fr-FR","potentialAction":[{"@type":"ReadAction","target":["https:\/\/vivecreations.com\/vitrine\/product\/thalie-noir-et-reptile-rose\/"]}]},{"@type":"ImageObject","inLanguage":"fr-FR","@id":"https:\/\/vivecreations.com\/vitrine\/product\/thalie-noir-et-reptile-rose\/#primaryimage","url":"https:\/\/vivecreations.com\/wp-content\/uploads\/2019\/01\/135-979-Thalie-Noir-et-Reptile-Rose.jpg","contentUrl":"https:\/\/vivecreations.com\/wp-content\/uploads\/2019\/01\/135-979-Thalie-Noir-et-Reptile-Rose.jpg","width":504,"height":732,"caption":"Thalie Noir et Reptile Rose"},{"@type":"BreadcrumbList","@id":"https:\/\/vivecreations.com\/vitrine\/product\/thalie-noir-et-reptile-rose\/#breadcrumb","itemListElement":[{"@type":"ListItem","position":1,"name":"Accueil","item":"https:\/\/vivecreations.com\/vitrine\/"},{"@type":"ListItem","position":2,"name":"Boutique","item":"https:\/\/vivecreations.com\/vitrine\/?page_id=754"},{"@type":"ListItem","position":3,"name":"Thalie Noir et Reptile Rose"}]},{"@type":"WebSite","@id":"https:\/\/vivecreations.com\/vitrine\/#website","url":"https:\/\/vivecreations.com\/vitrine\/","name":"Vive Cr\u00e9ations","description":"Cr\u00e9ation de maroquinerie artisanale, cuir v\u00e9ritable","publisher":{"@id":"https:\/\/vivecreations.com\/vitrine\/#\/schema\/person\/6d1da62b503cf195a0efa0a32dafb3a0"},"potentialAction":[{"@type":"SearchAction","target":{"@type":"EntryPoint","urlTemplate":"https:\/\/vivecreations.com\/vitrine\/?s={search_term_string}"},"query-input":{"@type":"PropertyValueSpecification","valueRequired":true,"valueName":"search_term_string"}}],"inLanguage":"fr-FR"},{"@type":["Person","Organization"],"@id":"https:\/\/vivecreations.com\/vitrine\/#\/schema\/person\/6d1da62b503cf195a0efa0a32dafb3a0","name":"V\u00e9ronique PLATEAU-LACOSTE","image":{"@type":"ImageObject","inLanguage":"fr-FR","@id":"https:\/\/vivecreations.com\/wp-content\/uploads\/2026\/03\/LOGO-VIVE-Original-GRAND-e1773771283177.jpg","url":"https:\/\/vivecreations.com\/wp-content\/uploads\/2026\/03\/LOGO-VIVE-Original-GRAND-e1773771283177.jpg","contentUrl":"https:\/\/vivecreations.com\/wp-content\/uploads\/2026\/03\/LOGO-VIVE-Original-GRAND-e1773771283177.jpg","width":2006,"height":642,"caption":"V\u00e9ronique PLATEAU-LACOSTE"},"logo":{"@id":"https:\/\/vivecreations.com\/wp-content\/uploads\/2026\/03\/LOGO-VIVE-Original-GRAND-e1773771283177.jpg"},"sameAs":["http:\/\/vivecreations.com"]}]}},"_links":{"self":[{"href":"https:\/\/vivecreations.com\/vitrine\/wp-json\/wp\/v2\/product\/282","targetHints":{"allow":["GET"]}}],"collection":[{"href":"https:\/\/vivecreations.com\/vitrine\/wp-json\/wp\/v2\/product"}],"about":[{"href":"https:\/\/vivecreations.com\/vitrine\/wp-json\/wp\/v2\/types\/product"}],"wp:featuredmedia":[{"embeddable":true,"href":"https:\/\/vivecreations.com\/vitrine\/wp-json\/wp\/v2\/media\/280"}],"wp:attachment":[{"href":"https:\/\/vivecreations.com\/vitrine\/wp-json\/wp\/v2\/media?parent=282"}],"wp:term":[{"taxonomy":"product_brand","embeddable":true,"href":"https:\/\/vivecreations.com\/vitrine\/wp-json\/wp\/v2\/product_brand?post=282"},{"taxonomy":"product_cat","embeddable":true,"href":"https:\/\/vivecreations.com\/vitrine\/wp-json\/wp\/v2\/product_cat?post=282"},{"taxonomy":"product_tag","embeddable":true,"href":"https:\/\/vivecreations.com\/vitrine\/wp-json\/wp\/v2\/product_tag?post=282"}],"curies":[{"name":"wp","href":"https:\/\/api.w.org\/{rel}","templated":true}]}}