{"id":260,"date":"2026-03-21T11:57:49","date_gmt":"2026-03-21T10:57:49","guid":{"rendered":"https:\/\/vivecreations.com\/?post_type=product&#038;p=260"},"modified":"2026-04-06T20:49:36","modified_gmt":"2026-04-06T18:49:36","slug":"trousse","status":"publish","type":"product","link":"https:\/\/vivecreations.com\/vitrine\/product\/trousse\/","title":{"rendered":"Petite Trousse"},"content":{"rendered":"<p>De la longueur d&rsquo;un crayon (environ 20 cm et large de 4 cm)<\/p>\n","protected":false},"excerpt":{"rendered":"<p>Petite trousse pour le sac<\/p>\n<p>Elle se glisse facilement, et joliment, dans votre sac \u00e0 main.<\/p>\n","protected":false},"featured_media":253,"template":"","meta":[],"product_brand":[],"product_cat":[53,29],"product_tag":[],"class_list":{"0":"post-260","1":"product","2":"type-product","3":"status-publish","4":"has-post-thumbnail","6":"product_cat-accessoires","7":"product_cat-petite-maroquinerie","9":"first","10":"instock","11":"shipping-taxable","12":"purchasable","13":"product-type-simple"},"yoast_head":"<!-- This site is optimized with the Yoast SEO plugin v27.3 - https:\/\/yoast.com\/product\/yoast-seo-wordpress\/ -->\n<title>Petite: Id\u00e9al pour les petites mains et les d\u00e9tails - Vive Cr\u00e9ations<\/title>\n<meta name=\"description\" content=\"Petite trousse pour le sacElle se glisse facilement, et joliment, dans votre sac \u00e0 main. De la longueur d&#039;un crayon (environ 20 cm et large de 4 cm).\" \/>\n<meta name=\"robots\" content=\"index, follow, max-snippet:-1, max-image-preview:large, max-video-preview:-1\" \/>\n<link rel=\"canonical\" href=\"https:\/\/vivecreations.com\/vitrine\/product\/trousse\/\" \/>\n<meta property=\"og:locale\" content=\"fr_FR\" \/>\n<meta property=\"og:type\" content=\"article\" \/>\n<meta property=\"og:title\" content=\"Petite: Id\u00e9al pour les petites mains et les d\u00e9tails - Vive Cr\u00e9ations\" \/>\n<meta property=\"og:description\" content=\"Petite trousse pour le sacElle se glisse facilement, et joliment, dans votre sac \u00e0 main. De la longueur d&#039;un crayon (environ 20 cm et large de 4 cm).\" \/>\n<meta property=\"og:url\" content=\"https:\/\/vivecreations.com\/vitrine\/product\/trousse\/\" \/>\n<meta property=\"og:site_name\" content=\"Vive Cr\u00e9ations\" \/>\n<meta property=\"article:modified_time\" content=\"2026-04-06T18:49:36+00:00\" \/>\n<meta property=\"og:image\" content=\"https:\/\/vivecreations.com\/wp-content\/uploads\/2019\/01\/92-056-Trousse.jpg\" \/>\n\t<meta property=\"og:image:width\" content=\"787\" \/>\n\t<meta property=\"og:image:height\" content=\"396\" \/>\n\t<meta property=\"og:image:type\" content=\"image\/jpeg\" \/>\n<meta name=\"twitter:card\" content=\"summary_large_image\" \/>\n<meta name=\"twitter:label1\" content=\"Dur\u00e9e de lecture estim\u00e9e\" \/>\n\t<meta name=\"twitter:data1\" content=\"1 minute\" \/>\n<script type=\"application\/ld+json\" class=\"yoast-schema-graph\">{\"@context\":\"https:\\\/\\\/schema.org\",\"@graph\":[{\"@type\":\"WebPage\",\"@id\":\"https:\\\/\\\/vivecreations.com\\\/vitrine\\\/product\\\/trousse\\\/\",\"url\":\"https:\\\/\\\/vivecreations.com\\\/vitrine\\\/product\\\/trousse\\\/\",\"name\":\"Petite: Id\u00e9al pour les petites mains et les d\u00e9tails - Vive Cr\u00e9ations\",\"isPartOf\":{\"@id\":\"https:\\\/\\\/vivecreations.com\\\/vitrine\\\/#website\"},\"primaryImageOfPage\":{\"@id\":\"https:\\\/\\\/vivecreations.com\\\/vitrine\\\/product\\\/trousse\\\/#primaryimage\"},\"image\":{\"@id\":\"https:\\\/\\\/vivecreations.com\\\/vitrine\\\/product\\\/trousse\\\/#primaryimage\"},\"thumbnailUrl\":\"https:\\\/\\\/vivecreations.com\\\/wp-content\\\/uploads\\\/2019\\\/01\\\/92-056-Trousse.jpg\",\"datePublished\":\"2026-03-21T10:57:49+00:00\",\"dateModified\":\"2026-04-06T18:49:36+00:00\",\"description\":\"Petite trousse pour le sacElle se glisse facilement, et joliment, dans votre sac \u00e0 main. De la longueur d'un crayon (environ 20 cm et large de 4 cm).\",\"breadcrumb\":{\"@id\":\"https:\\\/\\\/vivecreations.com\\\/vitrine\\\/product\\\/trousse\\\/#breadcrumb\"},\"inLanguage\":\"fr-FR\",\"potentialAction\":[{\"@type\":\"ReadAction\",\"target\":[\"https:\\\/\\\/vivecreations.com\\\/vitrine\\\/product\\\/trousse\\\/\"]}]},{\"@type\":\"ImageObject\",\"inLanguage\":\"fr-FR\",\"@id\":\"https:\\\/\\\/vivecreations.com\\\/vitrine\\\/product\\\/trousse\\\/#primaryimage\",\"url\":\"https:\\\/\\\/vivecreations.com\\\/wp-content\\\/uploads\\\/2019\\\/01\\\/92-056-Trousse.jpg\",\"contentUrl\":\"https:\\\/\\\/vivecreations.com\\\/wp-content\\\/uploads\\\/2019\\\/01\\\/92-056-Trousse.jpg\",\"width\":787,\"height\":396,\"caption\":\"Trousse\"},{\"@type\":\"BreadcrumbList\",\"@id\":\"https:\\\/\\\/vivecreations.com\\\/vitrine\\\/product\\\/trousse\\\/#breadcrumb\",\"itemListElement\":[{\"@type\":\"ListItem\",\"position\":1,\"name\":\"Accueil\",\"item\":\"https:\\\/\\\/vivecreations.com\\\/vitrine\\\/\"},{\"@type\":\"ListItem\",\"position\":2,\"name\":\"Boutique\",\"item\":\"https:\\\/\\\/vivecreations.com\\\/vitrine\\\/?page_id=754\"},{\"@type\":\"ListItem\",\"position\":3,\"name\":\"Petite Trousse\"}]},{\"@type\":\"WebSite\",\"@id\":\"https:\\\/\\\/vivecreations.com\\\/vitrine\\\/#website\",\"url\":\"https:\\\/\\\/vivecreations.com\\\/vitrine\\\/\",\"name\":\"Vive Cr\u00e9ations\",\"description\":\"Cr\u00e9ation de maroquinerie artisanale, cuir v\u00e9ritable\",\"publisher\":{\"@id\":\"https:\\\/\\\/vivecreations.com\\\/vitrine\\\/#\\\/schema\\\/person\\\/6d1da62b503cf195a0efa0a32dafb3a0\"},\"potentialAction\":[{\"@type\":\"SearchAction\",\"target\":{\"@type\":\"EntryPoint\",\"urlTemplate\":\"https:\\\/\\\/vivecreations.com\\\/vitrine\\\/?s={search_term_string}\"},\"query-input\":{\"@type\":\"PropertyValueSpecification\",\"valueRequired\":true,\"valueName\":\"search_term_string\"}}],\"inLanguage\":\"fr-FR\"},{\"@type\":[\"Person\",\"Organization\"],\"@id\":\"https:\\\/\\\/vivecreations.com\\\/vitrine\\\/#\\\/schema\\\/person\\\/6d1da62b503cf195a0efa0a32dafb3a0\",\"name\":\"V\u00e9ronique PLATEAU-LACOSTE\",\"image\":{\"@type\":\"ImageObject\",\"inLanguage\":\"fr-FR\",\"@id\":\"https:\\\/\\\/vivecreations.com\\\/wp-content\\\/uploads\\\/2026\\\/03\\\/LOGO-VIVE-Original-GRAND-e1773771283177.jpg\",\"url\":\"https:\\\/\\\/vivecreations.com\\\/wp-content\\\/uploads\\\/2026\\\/03\\\/LOGO-VIVE-Original-GRAND-e1773771283177.jpg\",\"contentUrl\":\"https:\\\/\\\/vivecreations.com\\\/wp-content\\\/uploads\\\/2026\\\/03\\\/LOGO-VIVE-Original-GRAND-e1773771283177.jpg\",\"width\":2006,\"height\":642,\"caption\":\"V\u00e9ronique PLATEAU-LACOSTE\"},\"logo\":{\"@id\":\"https:\\\/\\\/vivecreations.com\\\/wp-content\\\/uploads\\\/2026\\\/03\\\/LOGO-VIVE-Original-GRAND-e1773771283177.jpg\"},\"sameAs\":[\"http:\\\/\\\/vivecreations.com\"]}]}<\/script>\n<!-- \/ Yoast SEO plugin. -->","yoast_head_json":{"title":"Petite: Id\u00e9al pour les petites mains et les d\u00e9tails - Vive Cr\u00e9ations","description":"Petite trousse pour le sacElle se glisse facilement, et joliment, dans votre sac \u00e0 main. De la longueur d'un crayon (environ 20 cm et large de 4 cm).","robots":{"index":"index","follow":"follow","max-snippet":"max-snippet:-1","max-image-preview":"max-image-preview:large","max-video-preview":"max-video-preview:-1"},"canonical":"https:\/\/vivecreations.com\/vitrine\/product\/trousse\/","og_locale":"fr_FR","og_type":"article","og_title":"Petite: Id\u00e9al pour les petites mains et les d\u00e9tails - Vive Cr\u00e9ations","og_description":"Petite trousse pour le sacElle se glisse facilement, et joliment, dans votre sac \u00e0 main. De la longueur d'un crayon (environ 20 cm et large de 4 cm).","og_url":"https:\/\/vivecreations.com\/vitrine\/product\/trousse\/","og_site_name":"Vive Cr\u00e9ations","article_modified_time":"2026-04-06T18:49:36+00:00","og_image":[{"width":787,"height":396,"url":"https:\/\/vivecreations.com\/wp-content\/uploads\/2019\/01\/92-056-Trousse.jpg","type":"image\/jpeg"}],"twitter_card":"summary_large_image","twitter_misc":{"Dur\u00e9e de lecture estim\u00e9e":"1 minute"},"schema":{"@context":"https:\/\/schema.org","@graph":[{"@type":"WebPage","@id":"https:\/\/vivecreations.com\/vitrine\/product\/trousse\/","url":"https:\/\/vivecreations.com\/vitrine\/product\/trousse\/","name":"Petite: Id\u00e9al pour les petites mains et les d\u00e9tails - Vive Cr\u00e9ations","isPartOf":{"@id":"https:\/\/vivecreations.com\/vitrine\/#website"},"primaryImageOfPage":{"@id":"https:\/\/vivecreations.com\/vitrine\/product\/trousse\/#primaryimage"},"image":{"@id":"https:\/\/vivecreations.com\/vitrine\/product\/trousse\/#primaryimage"},"thumbnailUrl":"https:\/\/vivecreations.com\/wp-content\/uploads\/2019\/01\/92-056-Trousse.jpg","datePublished":"2026-03-21T10:57:49+00:00","dateModified":"2026-04-06T18:49:36+00:00","description":"Petite trousse pour le sacElle se glisse facilement, et joliment, dans votre sac \u00e0 main. De la longueur d'un crayon (environ 20 cm et large de 4 cm).","breadcrumb":{"@id":"https:\/\/vivecreations.com\/vitrine\/product\/trousse\/#breadcrumb"},"inLanguage":"fr-FR","potentialAction":[{"@type":"ReadAction","target":["https:\/\/vivecreations.com\/vitrine\/product\/trousse\/"]}]},{"@type":"ImageObject","inLanguage":"fr-FR","@id":"https:\/\/vivecreations.com\/vitrine\/product\/trousse\/#primaryimage","url":"https:\/\/vivecreations.com\/wp-content\/uploads\/2019\/01\/92-056-Trousse.jpg","contentUrl":"https:\/\/vivecreations.com\/wp-content\/uploads\/2019\/01\/92-056-Trousse.jpg","width":787,"height":396,"caption":"Trousse"},{"@type":"BreadcrumbList","@id":"https:\/\/vivecreations.com\/vitrine\/product\/trousse\/#breadcrumb","itemListElement":[{"@type":"ListItem","position":1,"name":"Accueil","item":"https:\/\/vivecreations.com\/vitrine\/"},{"@type":"ListItem","position":2,"name":"Boutique","item":"https:\/\/vivecreations.com\/vitrine\/?page_id=754"},{"@type":"ListItem","position":3,"name":"Petite Trousse"}]},{"@type":"WebSite","@id":"https:\/\/vivecreations.com\/vitrine\/#website","url":"https:\/\/vivecreations.com\/vitrine\/","name":"Vive Cr\u00e9ations","description":"Cr\u00e9ation de maroquinerie artisanale, cuir v\u00e9ritable","publisher":{"@id":"https:\/\/vivecreations.com\/vitrine\/#\/schema\/person\/6d1da62b503cf195a0efa0a32dafb3a0"},"potentialAction":[{"@type":"SearchAction","target":{"@type":"EntryPoint","urlTemplate":"https:\/\/vivecreations.com\/vitrine\/?s={search_term_string}"},"query-input":{"@type":"PropertyValueSpecification","valueRequired":true,"valueName":"search_term_string"}}],"inLanguage":"fr-FR"},{"@type":["Person","Organization"],"@id":"https:\/\/vivecreations.com\/vitrine\/#\/schema\/person\/6d1da62b503cf195a0efa0a32dafb3a0","name":"V\u00e9ronique PLATEAU-LACOSTE","image":{"@type":"ImageObject","inLanguage":"fr-FR","@id":"https:\/\/vivecreations.com\/wp-content\/uploads\/2026\/03\/LOGO-VIVE-Original-GRAND-e1773771283177.jpg","url":"https:\/\/vivecreations.com\/wp-content\/uploads\/2026\/03\/LOGO-VIVE-Original-GRAND-e1773771283177.jpg","contentUrl":"https:\/\/vivecreations.com\/wp-content\/uploads\/2026\/03\/LOGO-VIVE-Original-GRAND-e1773771283177.jpg","width":2006,"height":642,"caption":"V\u00e9ronique PLATEAU-LACOSTE"},"logo":{"@id":"https:\/\/vivecreations.com\/wp-content\/uploads\/2026\/03\/LOGO-VIVE-Original-GRAND-e1773771283177.jpg"},"sameAs":["http:\/\/vivecreations.com"]}]}},"_links":{"self":[{"href":"https:\/\/vivecreations.com\/vitrine\/wp-json\/wp\/v2\/product\/260","targetHints":{"allow":["GET"]}}],"collection":[{"href":"https:\/\/vivecreations.com\/vitrine\/wp-json\/wp\/v2\/product"}],"about":[{"href":"https:\/\/vivecreations.com\/vitrine\/wp-json\/wp\/v2\/types\/product"}],"wp:featuredmedia":[{"embeddable":true,"href":"https:\/\/vivecreations.com\/vitrine\/wp-json\/wp\/v2\/media\/253"}],"wp:attachment":[{"href":"https:\/\/vivecreations.com\/vitrine\/wp-json\/wp\/v2\/media?parent=260"}],"wp:term":[{"taxonomy":"product_brand","embeddable":true,"href":"https:\/\/vivecreations.com\/vitrine\/wp-json\/wp\/v2\/product_brand?post=260"},{"taxonomy":"product_cat","embeddable":true,"href":"https:\/\/vivecreations.com\/vitrine\/wp-json\/wp\/v2\/product_cat?post=260"},{"taxonomy":"product_tag","embeddable":true,"href":"https:\/\/vivecreations.com\/vitrine\/wp-json\/wp\/v2\/product_tag?post=260"}],"curies":[{"name":"wp","href":"https:\/\/api.w.org\/{rel}","templated":true}]}}