{"id":238,"date":"2019-01-01T13:47:57","date_gmt":"2019-01-01T12:47:57","guid":{"rendered":"https:\/\/vivecreations.com\/product\/sac-a-dos-violet-decors-carres-de-couleurs\/"},"modified":"2026-03-22T09:44:29","modified_gmt":"2026-03-22T08:44:29","slug":"sac-a-dos-violet-decors-carres-de-couleurs","status":"publish","type":"product","link":"https:\/\/vivecreations.com\/vitrine\/product\/sac-a-dos-violet-decors-carres-de-couleurs\/","title":{"rendered":"Sac \u00e0 Dos Violet D\u00e9cors Carr\u00e9s de Couleurs"},"content":{"rendered":"<p>Grande contenance.<br \/>\nEnti\u00e8rement doubl\u00e9.<br \/>\nUne poche plaqu\u00e9e sous le rabat, et une sur le\u00a0c\u00f4t\u00e9.<br \/>\nUne grande poche int\u00e9rieure zipp\u00e9e, et deux plaqu\u00e9es.<br \/>\nUn mousqueton pour les cl\u00e9s.<\/p>\n","protected":false},"excerpt":{"rendered":"<p>Sac en cuir de veau d&rsquo;un violet soutenu, agr\u00e9ment\u00e9 de touches de couleurs.<br \/>\nFerm\u00e9\u00a0par bouton pression, et rabat ferm\u00e9 par un\u00a0tuck.<br \/>\nBretelles r\u00e9glables.<\/p>\n","protected":false},"featured_media":231,"template":"","meta":[],"product_brand":[],"product_cat":[24],"product_tag":[],"class_list":{"0":"post-238","1":"product","2":"type-product","3":"status-publish","4":"has-post-thumbnail","6":"product_cat-sac-a-dos","8":"first","9":"instock","10":"featured","11":"shipping-taxable","12":"purchasable","13":"product-type-simple"},"yoast_head":"<!-- This site is optimized with the Yoast SEO plugin v27.3 - https:\/\/yoast.com\/product\/yoast-seo-wordpress\/ -->\n<title>Sac \u00e0 Dos Violet D\u00e9cors Carr\u00e9s de Couleurs - Vive Cr\u00e9ations<\/title>\n<meta name=\"robots\" content=\"index, follow, max-snippet:-1, max-image-preview:large, max-video-preview:-1\" \/>\n<link rel=\"canonical\" href=\"https:\/\/vivecreations.com\/vitrine\/product\/sac-a-dos-violet-decors-carres-de-couleurs\/\" \/>\n<meta property=\"og:locale\" content=\"fr_FR\" \/>\n<meta property=\"og:type\" content=\"article\" \/>\n<meta property=\"og:title\" content=\"Sac \u00e0 Dos Violet D\u00e9cors Carr\u00e9s de Couleurs - Vive Cr\u00e9ations\" \/>\n<meta property=\"og:description\" content=\"Sac en cuir de veau d&#039;un violet soutenu, agr\u00e9ment\u00e9 de touches de couleurs. Ferm\u00e9\u00a0par bouton pression, et rabat ferm\u00e9 par un\u00a0tuck. Bretelles r\u00e9glables.\" \/>\n<meta property=\"og:url\" content=\"https:\/\/vivecreations.com\/vitrine\/product\/sac-a-dos-violet-decors-carres-de-couleurs\/\" \/>\n<meta property=\"og:site_name\" content=\"Vive Cr\u00e9ations\" \/>\n<meta property=\"article:modified_time\" content=\"2026-03-22T08:44:29+00:00\" \/>\n<meta property=\"og:image\" content=\"https:\/\/vivecreations.com\/wp-content\/uploads\/2019\/01\/85-991-Sac-a-Dos-Violet-Decors-Carres-de-Couleurs.jpg\" \/>\n\t<meta property=\"og:image:width\" content=\"750\" \/>\n\t<meta property=\"og:image:height\" content=\"1000\" \/>\n\t<meta property=\"og:image:type\" content=\"image\/jpeg\" \/>\n<meta name=\"twitter:card\" content=\"summary_large_image\" \/>\n<script type=\"application\/ld+json\" class=\"yoast-schema-graph\">{\"@context\":\"https:\\\/\\\/schema.org\",\"@graph\":[{\"@type\":\"WebPage\",\"@id\":\"https:\\\/\\\/vivecreations.com\\\/vitrine\\\/product\\\/sac-a-dos-violet-decors-carres-de-couleurs\\\/\",\"url\":\"https:\\\/\\\/vivecreations.com\\\/vitrine\\\/product\\\/sac-a-dos-violet-decors-carres-de-couleurs\\\/\",\"name\":\"Sac \u00e0 Dos Violet D\u00e9cors Carr\u00e9s de Couleurs - Vive Cr\u00e9ations\",\"isPartOf\":{\"@id\":\"https:\\\/\\\/vivecreations.com\\\/vitrine\\\/#website\"},\"primaryImageOfPage\":{\"@id\":\"https:\\\/\\\/vivecreations.com\\\/vitrine\\\/product\\\/sac-a-dos-violet-decors-carres-de-couleurs\\\/#primaryimage\"},\"image\":{\"@id\":\"https:\\\/\\\/vivecreations.com\\\/vitrine\\\/product\\\/sac-a-dos-violet-decors-carres-de-couleurs\\\/#primaryimage\"},\"thumbnailUrl\":\"https:\\\/\\\/vivecreations.com\\\/wp-content\\\/uploads\\\/2019\\\/01\\\/85-991-Sac-a-Dos-Violet-Decors-Carres-de-Couleurs.jpg\",\"datePublished\":\"2019-01-01T12:47:57+00:00\",\"dateModified\":\"2026-03-22T08:44:29+00:00\",\"breadcrumb\":{\"@id\":\"https:\\\/\\\/vivecreations.com\\\/vitrine\\\/product\\\/sac-a-dos-violet-decors-carres-de-couleurs\\\/#breadcrumb\"},\"inLanguage\":\"fr-FR\",\"potentialAction\":[{\"@type\":\"ReadAction\",\"target\":[\"https:\\\/\\\/vivecreations.com\\\/vitrine\\\/product\\\/sac-a-dos-violet-decors-carres-de-couleurs\\\/\"]}]},{\"@type\":\"ImageObject\",\"inLanguage\":\"fr-FR\",\"@id\":\"https:\\\/\\\/vivecreations.com\\\/vitrine\\\/product\\\/sac-a-dos-violet-decors-carres-de-couleurs\\\/#primaryimage\",\"url\":\"https:\\\/\\\/vivecreations.com\\\/wp-content\\\/uploads\\\/2019\\\/01\\\/85-991-Sac-a-Dos-Violet-Decors-Carres-de-Couleurs.jpg\",\"contentUrl\":\"https:\\\/\\\/vivecreations.com\\\/wp-content\\\/uploads\\\/2019\\\/01\\\/85-991-Sac-a-Dos-Violet-Decors-Carres-de-Couleurs.jpg\",\"width\":750,\"height\":1000,\"caption\":\"Sac \u00e0 Dos Violet D\u00e9cors Carr\u00e9s de Couleurs\"},{\"@type\":\"BreadcrumbList\",\"@id\":\"https:\\\/\\\/vivecreations.com\\\/vitrine\\\/product\\\/sac-a-dos-violet-decors-carres-de-couleurs\\\/#breadcrumb\",\"itemListElement\":[{\"@type\":\"ListItem\",\"position\":1,\"name\":\"Accueil\",\"item\":\"https:\\\/\\\/vivecreations.com\\\/vitrine\\\/\"},{\"@type\":\"ListItem\",\"position\":2,\"name\":\"Boutique\",\"item\":\"https:\\\/\\\/vivecreations.com\\\/vitrine\\\/?page_id=754\"},{\"@type\":\"ListItem\",\"position\":3,\"name\":\"Sac \u00e0 Dos Violet D\u00e9cors Carr\u00e9s de Couleurs\"}]},{\"@type\":\"WebSite\",\"@id\":\"https:\\\/\\\/vivecreations.com\\\/vitrine\\\/#website\",\"url\":\"https:\\\/\\\/vivecreations.com\\\/vitrine\\\/\",\"name\":\"Vive Cr\u00e9ations\",\"description\":\"Cr\u00e9ation de maroquinerie artisanale, cuir v\u00e9ritable\",\"publisher\":{\"@id\":\"https:\\\/\\\/vivecreations.com\\\/vitrine\\\/#\\\/schema\\\/person\\\/6d1da62b503cf195a0efa0a32dafb3a0\"},\"potentialAction\":[{\"@type\":\"SearchAction\",\"target\":{\"@type\":\"EntryPoint\",\"urlTemplate\":\"https:\\\/\\\/vivecreations.com\\\/vitrine\\\/?s={search_term_string}\"},\"query-input\":{\"@type\":\"PropertyValueSpecification\",\"valueRequired\":true,\"valueName\":\"search_term_string\"}}],\"inLanguage\":\"fr-FR\"},{\"@type\":[\"Person\",\"Organization\"],\"@id\":\"https:\\\/\\\/vivecreations.com\\\/vitrine\\\/#\\\/schema\\\/person\\\/6d1da62b503cf195a0efa0a32dafb3a0\",\"name\":\"V\u00e9ronique PLATEAU-LACOSTE\",\"image\":{\"@type\":\"ImageObject\",\"inLanguage\":\"fr-FR\",\"@id\":\"https:\\\/\\\/vivecreations.com\\\/wp-content\\\/uploads\\\/2026\\\/03\\\/LOGO-VIVE-Original-GRAND-e1773771283177.jpg\",\"url\":\"https:\\\/\\\/vivecreations.com\\\/wp-content\\\/uploads\\\/2026\\\/03\\\/LOGO-VIVE-Original-GRAND-e1773771283177.jpg\",\"contentUrl\":\"https:\\\/\\\/vivecreations.com\\\/wp-content\\\/uploads\\\/2026\\\/03\\\/LOGO-VIVE-Original-GRAND-e1773771283177.jpg\",\"width\":2006,\"height\":642,\"caption\":\"V\u00e9ronique PLATEAU-LACOSTE\"},\"logo\":{\"@id\":\"https:\\\/\\\/vivecreations.com\\\/wp-content\\\/uploads\\\/2026\\\/03\\\/LOGO-VIVE-Original-GRAND-e1773771283177.jpg\"},\"sameAs\":[\"http:\\\/\\\/vivecreations.com\"]}]}<\/script>\n<!-- \/ Yoast SEO plugin. -->","yoast_head_json":{"title":"Sac \u00e0 Dos Violet D\u00e9cors Carr\u00e9s de Couleurs - Vive Cr\u00e9ations","robots":{"index":"index","follow":"follow","max-snippet":"max-snippet:-1","max-image-preview":"max-image-preview:large","max-video-preview":"max-video-preview:-1"},"canonical":"https:\/\/vivecreations.com\/vitrine\/product\/sac-a-dos-violet-decors-carres-de-couleurs\/","og_locale":"fr_FR","og_type":"article","og_title":"Sac \u00e0 Dos Violet D\u00e9cors Carr\u00e9s de Couleurs - Vive Cr\u00e9ations","og_description":"Sac en cuir de veau d'un violet soutenu, agr\u00e9ment\u00e9 de touches de couleurs. Ferm\u00e9\u00a0par bouton pression, et rabat ferm\u00e9 par un\u00a0tuck. Bretelles r\u00e9glables.","og_url":"https:\/\/vivecreations.com\/vitrine\/product\/sac-a-dos-violet-decors-carres-de-couleurs\/","og_site_name":"Vive Cr\u00e9ations","article_modified_time":"2026-03-22T08:44:29+00:00","og_image":[{"width":750,"height":1000,"url":"https:\/\/vivecreations.com\/wp-content\/uploads\/2019\/01\/85-991-Sac-a-Dos-Violet-Decors-Carres-de-Couleurs.jpg","type":"image\/jpeg"}],"twitter_card":"summary_large_image","schema":{"@context":"https:\/\/schema.org","@graph":[{"@type":"WebPage","@id":"https:\/\/vivecreations.com\/vitrine\/product\/sac-a-dos-violet-decors-carres-de-couleurs\/","url":"https:\/\/vivecreations.com\/vitrine\/product\/sac-a-dos-violet-decors-carres-de-couleurs\/","name":"Sac \u00e0 Dos Violet D\u00e9cors Carr\u00e9s de Couleurs - Vive Cr\u00e9ations","isPartOf":{"@id":"https:\/\/vivecreations.com\/vitrine\/#website"},"primaryImageOfPage":{"@id":"https:\/\/vivecreations.com\/vitrine\/product\/sac-a-dos-violet-decors-carres-de-couleurs\/#primaryimage"},"image":{"@id":"https:\/\/vivecreations.com\/vitrine\/product\/sac-a-dos-violet-decors-carres-de-couleurs\/#primaryimage"},"thumbnailUrl":"https:\/\/vivecreations.com\/wp-content\/uploads\/2019\/01\/85-991-Sac-a-Dos-Violet-Decors-Carres-de-Couleurs.jpg","datePublished":"2019-01-01T12:47:57+00:00","dateModified":"2026-03-22T08:44:29+00:00","breadcrumb":{"@id":"https:\/\/vivecreations.com\/vitrine\/product\/sac-a-dos-violet-decors-carres-de-couleurs\/#breadcrumb"},"inLanguage":"fr-FR","potentialAction":[{"@type":"ReadAction","target":["https:\/\/vivecreations.com\/vitrine\/product\/sac-a-dos-violet-decors-carres-de-couleurs\/"]}]},{"@type":"ImageObject","inLanguage":"fr-FR","@id":"https:\/\/vivecreations.com\/vitrine\/product\/sac-a-dos-violet-decors-carres-de-couleurs\/#primaryimage","url":"https:\/\/vivecreations.com\/wp-content\/uploads\/2019\/01\/85-991-Sac-a-Dos-Violet-Decors-Carres-de-Couleurs.jpg","contentUrl":"https:\/\/vivecreations.com\/wp-content\/uploads\/2019\/01\/85-991-Sac-a-Dos-Violet-Decors-Carres-de-Couleurs.jpg","width":750,"height":1000,"caption":"Sac \u00e0 Dos Violet D\u00e9cors Carr\u00e9s de Couleurs"},{"@type":"BreadcrumbList","@id":"https:\/\/vivecreations.com\/vitrine\/product\/sac-a-dos-violet-decors-carres-de-couleurs\/#breadcrumb","itemListElement":[{"@type":"ListItem","position":1,"name":"Accueil","item":"https:\/\/vivecreations.com\/vitrine\/"},{"@type":"ListItem","position":2,"name":"Boutique","item":"https:\/\/vivecreations.com\/vitrine\/?page_id=754"},{"@type":"ListItem","position":3,"name":"Sac \u00e0 Dos Violet D\u00e9cors Carr\u00e9s de Couleurs"}]},{"@type":"WebSite","@id":"https:\/\/vivecreations.com\/vitrine\/#website","url":"https:\/\/vivecreations.com\/vitrine\/","name":"Vive Cr\u00e9ations","description":"Cr\u00e9ation de maroquinerie artisanale, cuir v\u00e9ritable","publisher":{"@id":"https:\/\/vivecreations.com\/vitrine\/#\/schema\/person\/6d1da62b503cf195a0efa0a32dafb3a0"},"potentialAction":[{"@type":"SearchAction","target":{"@type":"EntryPoint","urlTemplate":"https:\/\/vivecreations.com\/vitrine\/?s={search_term_string}"},"query-input":{"@type":"PropertyValueSpecification","valueRequired":true,"valueName":"search_term_string"}}],"inLanguage":"fr-FR"},{"@type":["Person","Organization"],"@id":"https:\/\/vivecreations.com\/vitrine\/#\/schema\/person\/6d1da62b503cf195a0efa0a32dafb3a0","name":"V\u00e9ronique PLATEAU-LACOSTE","image":{"@type":"ImageObject","inLanguage":"fr-FR","@id":"https:\/\/vivecreations.com\/wp-content\/uploads\/2026\/03\/LOGO-VIVE-Original-GRAND-e1773771283177.jpg","url":"https:\/\/vivecreations.com\/wp-content\/uploads\/2026\/03\/LOGO-VIVE-Original-GRAND-e1773771283177.jpg","contentUrl":"https:\/\/vivecreations.com\/wp-content\/uploads\/2026\/03\/LOGO-VIVE-Original-GRAND-e1773771283177.jpg","width":2006,"height":642,"caption":"V\u00e9ronique PLATEAU-LACOSTE"},"logo":{"@id":"https:\/\/vivecreations.com\/wp-content\/uploads\/2026\/03\/LOGO-VIVE-Original-GRAND-e1773771283177.jpg"},"sameAs":["http:\/\/vivecreations.com"]}]}},"_links":{"self":[{"href":"https:\/\/vivecreations.com\/vitrine\/wp-json\/wp\/v2\/product\/238","targetHints":{"allow":["GET"]}}],"collection":[{"href":"https:\/\/vivecreations.com\/vitrine\/wp-json\/wp\/v2\/product"}],"about":[{"href":"https:\/\/vivecreations.com\/vitrine\/wp-json\/wp\/v2\/types\/product"}],"wp:featuredmedia":[{"embeddable":true,"href":"https:\/\/vivecreations.com\/vitrine\/wp-json\/wp\/v2\/media\/231"}],"wp:attachment":[{"href":"https:\/\/vivecreations.com\/vitrine\/wp-json\/wp\/v2\/media?parent=238"}],"wp:term":[{"taxonomy":"product_brand","embeddable":true,"href":"https:\/\/vivecreations.com\/vitrine\/wp-json\/wp\/v2\/product_brand?post=238"},{"taxonomy":"product_cat","embeddable":true,"href":"https:\/\/vivecreations.com\/vitrine\/wp-json\/wp\/v2\/product_cat?post=238"},{"taxonomy":"product_tag","embeddable":true,"href":"https:\/\/vivecreations.com\/vitrine\/wp-json\/wp\/v2\/product_tag?post=238"}],"curies":[{"name":"wp","href":"https:\/\/api.w.org\/{rel}","templated":true}]}}