{"id":198,"date":"2019-01-01T13:47:49","date_gmt":"2019-01-01T12:47:49","guid":{"rendered":"https:\/\/vivecreations.com\/product\/sangles-de-guitare\/"},"modified":"2026-03-21T11:51:14","modified_gmt":"2026-03-21T10:51:14","slug":"sangles-de-guitare","status":"publish","type":"product","link":"https:\/\/vivecreations.com\/vitrine\/product\/sangles-de-guitare\/","title":{"rendered":"Sangles de guitare"},"content":{"rendered":"<p>Tr\u00e8s confortable<br \/>\nNe glisse pas<br \/>\nConvient \u00e0 tout type de guitare<br \/>\nSobre ou tr\u00e8s voyante, vous choisissez !<\/p>\n","protected":false},"excerpt":{"rendered":"<p>En photo : les mod\u00e8les disponibles, pr\u00e9cisez bien le mod\u00e8le lors de l&rsquo;achat sur ce site. Ou fabrication sur mesure, personnalisable, sur devis :\u00a0utilisez la page contact de ce site.<\/p>\n","protected":false},"featured_media":184,"template":"","meta":[],"product_brand":[],"product_cat":[53,32],"product_tag":[],"class_list":{"0":"post-198","1":"product","2":"type-product","3":"status-publish","4":"has-post-thumbnail","6":"product_cat-accessoires","7":"product_cat-sangles-de-guitare","9":"first","10":"instock","11":"shipping-taxable","12":"purchasable","13":"product-type-simple"},"yoast_head":"<!-- This site is optimized with the Yoast SEO plugin v27.3 - https:\/\/yoast.com\/product\/yoast-seo-wordpress\/ -->\n<title>Sangles de guitare - Vive Cr\u00e9ations<\/title>\n<meta name=\"robots\" content=\"index, follow, max-snippet:-1, max-image-preview:large, max-video-preview:-1\" \/>\n<link rel=\"canonical\" href=\"https:\/\/vivecreations.com\/vitrine\/product\/sangles-de-guitare\/\" \/>\n<meta property=\"og:locale\" content=\"fr_FR\" \/>\n<meta property=\"og:type\" content=\"article\" \/>\n<meta property=\"og:title\" content=\"Sangles de guitare - Vive Cr\u00e9ations\" \/>\n<meta property=\"og:description\" content=\"En photo : les mod\u00e8les disponibles, pr\u00e9cisez bien le mod\u00e8le lors de l&#039;achat sur ce site. Ou fabrication sur mesure, personnalisable, sur devis :\u00a0utilisez la page contact de ce site.\" \/>\n<meta property=\"og:url\" content=\"https:\/\/vivecreations.com\/vitrine\/product\/sangles-de-guitare\/\" \/>\n<meta property=\"og:site_name\" content=\"Vive Cr\u00e9ations\" \/>\n<meta property=\"article:modified_time\" content=\"2026-03-21T10:51:14+00:00\" \/>\n<meta property=\"og:image\" content=\"https:\/\/vivecreations.com\/wp-content\/uploads\/2019\/01\/294-729-Sangles-de-guitare.jpg\" \/>\n\t<meta property=\"og:image:width\" content=\"600\" \/>\n\t<meta property=\"og:image:height\" content=\"800\" \/>\n\t<meta property=\"og:image:type\" content=\"image\/jpeg\" \/>\n<meta name=\"twitter:card\" content=\"summary_large_image\" \/>\n<script type=\"application\/ld+json\" class=\"yoast-schema-graph\">{\"@context\":\"https:\\\/\\\/schema.org\",\"@graph\":[{\"@type\":\"WebPage\",\"@id\":\"https:\\\/\\\/vivecreations.com\\\/vitrine\\\/product\\\/sangles-de-guitare\\\/\",\"url\":\"https:\\\/\\\/vivecreations.com\\\/vitrine\\\/product\\\/sangles-de-guitare\\\/\",\"name\":\"Sangles de guitare - Vive Cr\u00e9ations\",\"isPartOf\":{\"@id\":\"https:\\\/\\\/vivecreations.com\\\/vitrine\\\/#website\"},\"primaryImageOfPage\":{\"@id\":\"https:\\\/\\\/vivecreations.com\\\/vitrine\\\/product\\\/sangles-de-guitare\\\/#primaryimage\"},\"image\":{\"@id\":\"https:\\\/\\\/vivecreations.com\\\/vitrine\\\/product\\\/sangles-de-guitare\\\/#primaryimage\"},\"thumbnailUrl\":\"https:\\\/\\\/vivecreations.com\\\/wp-content\\\/uploads\\\/2019\\\/01\\\/294-729-Sangles-de-guitare.jpg\",\"datePublished\":\"2019-01-01T12:47:49+00:00\",\"dateModified\":\"2026-03-21T10:51:14+00:00\",\"breadcrumb\":{\"@id\":\"https:\\\/\\\/vivecreations.com\\\/vitrine\\\/product\\\/sangles-de-guitare\\\/#breadcrumb\"},\"inLanguage\":\"fr-FR\",\"potentialAction\":[{\"@type\":\"ReadAction\",\"target\":[\"https:\\\/\\\/vivecreations.com\\\/vitrine\\\/product\\\/sangles-de-guitare\\\/\"]}]},{\"@type\":\"ImageObject\",\"inLanguage\":\"fr-FR\",\"@id\":\"https:\\\/\\\/vivecreations.com\\\/vitrine\\\/product\\\/sangles-de-guitare\\\/#primaryimage\",\"url\":\"https:\\\/\\\/vivecreations.com\\\/wp-content\\\/uploads\\\/2019\\\/01\\\/294-729-Sangles-de-guitare.jpg\",\"contentUrl\":\"https:\\\/\\\/vivecreations.com\\\/wp-content\\\/uploads\\\/2019\\\/01\\\/294-729-Sangles-de-guitare.jpg\",\"width\":600,\"height\":800,\"caption\":\"Sangles de guitare\"},{\"@type\":\"BreadcrumbList\",\"@id\":\"https:\\\/\\\/vivecreations.com\\\/vitrine\\\/product\\\/sangles-de-guitare\\\/#breadcrumb\",\"itemListElement\":[{\"@type\":\"ListItem\",\"position\":1,\"name\":\"Accueil\",\"item\":\"https:\\\/\\\/vivecreations.com\\\/vitrine\\\/\"},{\"@type\":\"ListItem\",\"position\":2,\"name\":\"Boutique\",\"item\":\"https:\\\/\\\/vivecreations.com\\\/vitrine\\\/?page_id=754\"},{\"@type\":\"ListItem\",\"position\":3,\"name\":\"Sangles de guitare\"}]},{\"@type\":\"WebSite\",\"@id\":\"https:\\\/\\\/vivecreations.com\\\/vitrine\\\/#website\",\"url\":\"https:\\\/\\\/vivecreations.com\\\/vitrine\\\/\",\"name\":\"Vive Cr\u00e9ations\",\"description\":\"Cr\u00e9ation de maroquinerie artisanale, cuir v\u00e9ritable\",\"publisher\":{\"@id\":\"https:\\\/\\\/vivecreations.com\\\/vitrine\\\/#\\\/schema\\\/person\\\/6d1da62b503cf195a0efa0a32dafb3a0\"},\"potentialAction\":[{\"@type\":\"SearchAction\",\"target\":{\"@type\":\"EntryPoint\",\"urlTemplate\":\"https:\\\/\\\/vivecreations.com\\\/vitrine\\\/?s={search_term_string}\"},\"query-input\":{\"@type\":\"PropertyValueSpecification\",\"valueRequired\":true,\"valueName\":\"search_term_string\"}}],\"inLanguage\":\"fr-FR\"},{\"@type\":[\"Person\",\"Organization\"],\"@id\":\"https:\\\/\\\/vivecreations.com\\\/vitrine\\\/#\\\/schema\\\/person\\\/6d1da62b503cf195a0efa0a32dafb3a0\",\"name\":\"V\u00e9ronique PLATEAU-LACOSTE\",\"image\":{\"@type\":\"ImageObject\",\"inLanguage\":\"fr-FR\",\"@id\":\"https:\\\/\\\/vivecreations.com\\\/wp-content\\\/uploads\\\/2026\\\/03\\\/LOGO-VIVE-Original-GRAND-e1773771283177.jpg\",\"url\":\"https:\\\/\\\/vivecreations.com\\\/wp-content\\\/uploads\\\/2026\\\/03\\\/LOGO-VIVE-Original-GRAND-e1773771283177.jpg\",\"contentUrl\":\"https:\\\/\\\/vivecreations.com\\\/wp-content\\\/uploads\\\/2026\\\/03\\\/LOGO-VIVE-Original-GRAND-e1773771283177.jpg\",\"width\":2006,\"height\":642,\"caption\":\"V\u00e9ronique PLATEAU-LACOSTE\"},\"logo\":{\"@id\":\"https:\\\/\\\/vivecreations.com\\\/wp-content\\\/uploads\\\/2026\\\/03\\\/LOGO-VIVE-Original-GRAND-e1773771283177.jpg\"},\"sameAs\":[\"http:\\\/\\\/vivecreations.com\"]}]}<\/script>\n<!-- \/ Yoast SEO plugin. -->","yoast_head_json":{"title":"Sangles de guitare - Vive Cr\u00e9ations","robots":{"index":"index","follow":"follow","max-snippet":"max-snippet:-1","max-image-preview":"max-image-preview:large","max-video-preview":"max-video-preview:-1"},"canonical":"https:\/\/vivecreations.com\/vitrine\/product\/sangles-de-guitare\/","og_locale":"fr_FR","og_type":"article","og_title":"Sangles de guitare - Vive Cr\u00e9ations","og_description":"En photo : les mod\u00e8les disponibles, pr\u00e9cisez bien le mod\u00e8le lors de l'achat sur ce site. Ou fabrication sur mesure, personnalisable, sur devis :\u00a0utilisez la page contact de ce site.","og_url":"https:\/\/vivecreations.com\/vitrine\/product\/sangles-de-guitare\/","og_site_name":"Vive Cr\u00e9ations","article_modified_time":"2026-03-21T10:51:14+00:00","og_image":[{"width":600,"height":800,"url":"https:\/\/vivecreations.com\/wp-content\/uploads\/2019\/01\/294-729-Sangles-de-guitare.jpg","type":"image\/jpeg"}],"twitter_card":"summary_large_image","schema":{"@context":"https:\/\/schema.org","@graph":[{"@type":"WebPage","@id":"https:\/\/vivecreations.com\/vitrine\/product\/sangles-de-guitare\/","url":"https:\/\/vivecreations.com\/vitrine\/product\/sangles-de-guitare\/","name":"Sangles de guitare - Vive Cr\u00e9ations","isPartOf":{"@id":"https:\/\/vivecreations.com\/vitrine\/#website"},"primaryImageOfPage":{"@id":"https:\/\/vivecreations.com\/vitrine\/product\/sangles-de-guitare\/#primaryimage"},"image":{"@id":"https:\/\/vivecreations.com\/vitrine\/product\/sangles-de-guitare\/#primaryimage"},"thumbnailUrl":"https:\/\/vivecreations.com\/wp-content\/uploads\/2019\/01\/294-729-Sangles-de-guitare.jpg","datePublished":"2019-01-01T12:47:49+00:00","dateModified":"2026-03-21T10:51:14+00:00","breadcrumb":{"@id":"https:\/\/vivecreations.com\/vitrine\/product\/sangles-de-guitare\/#breadcrumb"},"inLanguage":"fr-FR","potentialAction":[{"@type":"ReadAction","target":["https:\/\/vivecreations.com\/vitrine\/product\/sangles-de-guitare\/"]}]},{"@type":"ImageObject","inLanguage":"fr-FR","@id":"https:\/\/vivecreations.com\/vitrine\/product\/sangles-de-guitare\/#primaryimage","url":"https:\/\/vivecreations.com\/wp-content\/uploads\/2019\/01\/294-729-Sangles-de-guitare.jpg","contentUrl":"https:\/\/vivecreations.com\/wp-content\/uploads\/2019\/01\/294-729-Sangles-de-guitare.jpg","width":600,"height":800,"caption":"Sangles de guitare"},{"@type":"BreadcrumbList","@id":"https:\/\/vivecreations.com\/vitrine\/product\/sangles-de-guitare\/#breadcrumb","itemListElement":[{"@type":"ListItem","position":1,"name":"Accueil","item":"https:\/\/vivecreations.com\/vitrine\/"},{"@type":"ListItem","position":2,"name":"Boutique","item":"https:\/\/vivecreations.com\/vitrine\/?page_id=754"},{"@type":"ListItem","position":3,"name":"Sangles de guitare"}]},{"@type":"WebSite","@id":"https:\/\/vivecreations.com\/vitrine\/#website","url":"https:\/\/vivecreations.com\/vitrine\/","name":"Vive Cr\u00e9ations","description":"Cr\u00e9ation de maroquinerie artisanale, cuir v\u00e9ritable","publisher":{"@id":"https:\/\/vivecreations.com\/vitrine\/#\/schema\/person\/6d1da62b503cf195a0efa0a32dafb3a0"},"potentialAction":[{"@type":"SearchAction","target":{"@type":"EntryPoint","urlTemplate":"https:\/\/vivecreations.com\/vitrine\/?s={search_term_string}"},"query-input":{"@type":"PropertyValueSpecification","valueRequired":true,"valueName":"search_term_string"}}],"inLanguage":"fr-FR"},{"@type":["Person","Organization"],"@id":"https:\/\/vivecreations.com\/vitrine\/#\/schema\/person\/6d1da62b503cf195a0efa0a32dafb3a0","name":"V\u00e9ronique PLATEAU-LACOSTE","image":{"@type":"ImageObject","inLanguage":"fr-FR","@id":"https:\/\/vivecreations.com\/wp-content\/uploads\/2026\/03\/LOGO-VIVE-Original-GRAND-e1773771283177.jpg","url":"https:\/\/vivecreations.com\/wp-content\/uploads\/2026\/03\/LOGO-VIVE-Original-GRAND-e1773771283177.jpg","contentUrl":"https:\/\/vivecreations.com\/wp-content\/uploads\/2026\/03\/LOGO-VIVE-Original-GRAND-e1773771283177.jpg","width":2006,"height":642,"caption":"V\u00e9ronique PLATEAU-LACOSTE"},"logo":{"@id":"https:\/\/vivecreations.com\/wp-content\/uploads\/2026\/03\/LOGO-VIVE-Original-GRAND-e1773771283177.jpg"},"sameAs":["http:\/\/vivecreations.com"]}]}},"_links":{"self":[{"href":"https:\/\/vivecreations.com\/vitrine\/wp-json\/wp\/v2\/product\/198","targetHints":{"allow":["GET"]}}],"collection":[{"href":"https:\/\/vivecreations.com\/vitrine\/wp-json\/wp\/v2\/product"}],"about":[{"href":"https:\/\/vivecreations.com\/vitrine\/wp-json\/wp\/v2\/types\/product"}],"wp:featuredmedia":[{"embeddable":true,"href":"https:\/\/vivecreations.com\/vitrine\/wp-json\/wp\/v2\/media\/184"}],"wp:attachment":[{"href":"https:\/\/vivecreations.com\/vitrine\/wp-json\/wp\/v2\/media?parent=198"}],"wp:term":[{"taxonomy":"product_brand","embeddable":true,"href":"https:\/\/vivecreations.com\/vitrine\/wp-json\/wp\/v2\/product_brand?post=198"},{"taxonomy":"product_cat","embeddable":true,"href":"https:\/\/vivecreations.com\/vitrine\/wp-json\/wp\/v2\/product_cat?post=198"},{"taxonomy":"product_tag","embeddable":true,"href":"https:\/\/vivecreations.com\/vitrine\/wp-json\/wp\/v2\/product_tag?post=198"}],"curies":[{"name":"wp","href":"https:\/\/api.w.org\/{rel}","templated":true}]}}