{"id":160,"date":"2019-01-01T13:47:39","date_gmt":"2019-01-01T12:47:39","guid":{"rendered":"https:\/\/vivecreations.com\/product\/sac-boule-noir-motifs-argentes\/"},"modified":"2026-03-20T10:27:44","modified_gmt":"2026-03-20T09:27:44","slug":"sac-boule-noir-motifs-argentes","status":"publish","type":"product","link":"https:\/\/vivecreations.com\/vitrine\/product\/sac-boule-noir-motifs-argentes\/","title":{"rendered":"Sac Boule Noir motifs Argent\u00e9s"},"content":{"rendered":"","protected":false},"excerpt":{"rendered":"<h3 style=\"margin:18px 0px 9px;padding:0px;border:0px;font-family:Arial, Helvetica, sans-serif;font-weight:500;line-height:1.1;font-size:18px;vertical-align:baseline;color:#666666;\"><strong style=\"margin:0px;padding:0px;border:0px;font-family:inherit;font-style:inherit;line-height:inherit;vertical-align:baseline;\">Un sac adorable, et tr\u00e8s f\u00e9minin<\/strong><\/h3>\n<p style=\"margin:0px 0px 1em;padding:0px;border:0px;font-family:Arial, Helvetica, sans-serif;line-height:18px;font-size:13px;vertical-align:baseline;min-height:1px;color:#666666;\">Vaste bourse en cuir d&rsquo;agneau, tr\u00e8s souple.<br \/>Bandouli\u00e8re\u00a0d\u2019environ 95 cm.<\/p>\n","protected":false},"featured_media":157,"template":"","meta":[],"product_brand":[],"product_cat":[34],"product_tag":[],"class_list":{"0":"post-160","1":"product","2":"type-product","3":"status-publish","4":"has-post-thumbnail","6":"product_cat-sac-boule","8":"first","9":"instock","10":"shipping-taxable","11":"purchasable","12":"product-type-simple"},"yoast_head":"<!-- This site is optimized with the Yoast SEO plugin v27.3 - https:\/\/yoast.com\/product\/yoast-seo-wordpress\/ -->\n<title>Sac Boule Noir motifs Argent\u00e9s - Vive Cr\u00e9ations<\/title>\n<meta name=\"robots\" content=\"index, follow, max-snippet:-1, max-image-preview:large, max-video-preview:-1\" \/>\n<link rel=\"canonical\" href=\"https:\/\/vivecreations.com\/vitrine\/product\/sac-boule-noir-motifs-argentes\/\" \/>\n<meta property=\"og:locale\" content=\"fr_FR\" \/>\n<meta property=\"og:type\" content=\"article\" \/>\n<meta property=\"og:title\" content=\"Sac Boule Noir motifs Argent\u00e9s - Vive Cr\u00e9ations\" \/>\n<meta property=\"og:description\" content=\"Un sac adorable, et tr\u00e8s f\u00e9minin Vaste bourse en cuir d&#039;agneau, tr\u00e8s souple.Bandouli\u00e8re\u00a0d\u2019environ 95 cm.\" \/>\n<meta property=\"og:url\" content=\"https:\/\/vivecreations.com\/vitrine\/product\/sac-boule-noir-motifs-argentes\/\" \/>\n<meta property=\"og:site_name\" content=\"Vive Cr\u00e9ations\" \/>\n<meta property=\"article:modified_time\" content=\"2026-03-20T09:27:44+00:00\" \/>\n<meta property=\"og:image\" content=\"https:\/\/vivecreations.com\/wp-content\/uploads\/2019\/01\/63-f4f-Sac-Boule-Noir-motifs-Argentes.jpg\" \/>\n\t<meta property=\"og:image:width\" content=\"1000\" \/>\n\t<meta property=\"og:image:height\" content=\"1333\" \/>\n\t<meta property=\"og:image:type\" content=\"image\/jpeg\" \/>\n<meta name=\"twitter:card\" content=\"summary_large_image\" \/>\n<script type=\"application\/ld+json\" class=\"yoast-schema-graph\">{\"@context\":\"https:\\\/\\\/schema.org\",\"@graph\":[{\"@type\":\"WebPage\",\"@id\":\"https:\\\/\\\/vivecreations.com\\\/vitrine\\\/product\\\/sac-boule-noir-motifs-argentes\\\/\",\"url\":\"https:\\\/\\\/vivecreations.com\\\/vitrine\\\/product\\\/sac-boule-noir-motifs-argentes\\\/\",\"name\":\"Sac Boule Noir motifs Argent\u00e9s - Vive Cr\u00e9ations\",\"isPartOf\":{\"@id\":\"https:\\\/\\\/vivecreations.com\\\/vitrine\\\/#website\"},\"primaryImageOfPage\":{\"@id\":\"https:\\\/\\\/vivecreations.com\\\/vitrine\\\/product\\\/sac-boule-noir-motifs-argentes\\\/#primaryimage\"},\"image\":{\"@id\":\"https:\\\/\\\/vivecreations.com\\\/vitrine\\\/product\\\/sac-boule-noir-motifs-argentes\\\/#primaryimage\"},\"thumbnailUrl\":\"https:\\\/\\\/vivecreations.com\\\/wp-content\\\/uploads\\\/2019\\\/01\\\/63-f4f-Sac-Boule-Noir-motifs-Argentes.jpg\",\"datePublished\":\"2019-01-01T12:47:39+00:00\",\"dateModified\":\"2026-03-20T09:27:44+00:00\",\"breadcrumb\":{\"@id\":\"https:\\\/\\\/vivecreations.com\\\/vitrine\\\/product\\\/sac-boule-noir-motifs-argentes\\\/#breadcrumb\"},\"inLanguage\":\"fr-FR\",\"potentialAction\":[{\"@type\":\"ReadAction\",\"target\":[\"https:\\\/\\\/vivecreations.com\\\/vitrine\\\/product\\\/sac-boule-noir-motifs-argentes\\\/\"]}]},{\"@type\":\"ImageObject\",\"inLanguage\":\"fr-FR\",\"@id\":\"https:\\\/\\\/vivecreations.com\\\/vitrine\\\/product\\\/sac-boule-noir-motifs-argentes\\\/#primaryimage\",\"url\":\"https:\\\/\\\/vivecreations.com\\\/wp-content\\\/uploads\\\/2019\\\/01\\\/63-f4f-Sac-Boule-Noir-motifs-Argentes.jpg\",\"contentUrl\":\"https:\\\/\\\/vivecreations.com\\\/wp-content\\\/uploads\\\/2019\\\/01\\\/63-f4f-Sac-Boule-Noir-motifs-Argentes.jpg\",\"width\":1000,\"height\":1333,\"caption\":\"Sac Boule Noir motifs Argent\u00e9s\"},{\"@type\":\"BreadcrumbList\",\"@id\":\"https:\\\/\\\/vivecreations.com\\\/vitrine\\\/product\\\/sac-boule-noir-motifs-argentes\\\/#breadcrumb\",\"itemListElement\":[{\"@type\":\"ListItem\",\"position\":1,\"name\":\"Accueil\",\"item\":\"https:\\\/\\\/vivecreations.com\\\/vitrine\\\/\"},{\"@type\":\"ListItem\",\"position\":2,\"name\":\"Boutique\",\"item\":\"https:\\\/\\\/vivecreations.com\\\/vitrine\\\/?page_id=754\"},{\"@type\":\"ListItem\",\"position\":3,\"name\":\"Sac Boule Noir motifs Argent\u00e9s\"}]},{\"@type\":\"WebSite\",\"@id\":\"https:\\\/\\\/vivecreations.com\\\/vitrine\\\/#website\",\"url\":\"https:\\\/\\\/vivecreations.com\\\/vitrine\\\/\",\"name\":\"Vive Cr\u00e9ations\",\"description\":\"Cr\u00e9ation de maroquinerie artisanale, cuir v\u00e9ritable\",\"publisher\":{\"@id\":\"https:\\\/\\\/vivecreations.com\\\/vitrine\\\/#\\\/schema\\\/person\\\/6d1da62b503cf195a0efa0a32dafb3a0\"},\"potentialAction\":[{\"@type\":\"SearchAction\",\"target\":{\"@type\":\"EntryPoint\",\"urlTemplate\":\"https:\\\/\\\/vivecreations.com\\\/vitrine\\\/?s={search_term_string}\"},\"query-input\":{\"@type\":\"PropertyValueSpecification\",\"valueRequired\":true,\"valueName\":\"search_term_string\"}}],\"inLanguage\":\"fr-FR\"},{\"@type\":[\"Person\",\"Organization\"],\"@id\":\"https:\\\/\\\/vivecreations.com\\\/vitrine\\\/#\\\/schema\\\/person\\\/6d1da62b503cf195a0efa0a32dafb3a0\",\"name\":\"V\u00e9ronique PLATEAU-LACOSTE\",\"image\":{\"@type\":\"ImageObject\",\"inLanguage\":\"fr-FR\",\"@id\":\"https:\\\/\\\/vivecreations.com\\\/wp-content\\\/uploads\\\/2026\\\/03\\\/LOGO-VIVE-Original-GRAND-e1773771283177.jpg\",\"url\":\"https:\\\/\\\/vivecreations.com\\\/wp-content\\\/uploads\\\/2026\\\/03\\\/LOGO-VIVE-Original-GRAND-e1773771283177.jpg\",\"contentUrl\":\"https:\\\/\\\/vivecreations.com\\\/wp-content\\\/uploads\\\/2026\\\/03\\\/LOGO-VIVE-Original-GRAND-e1773771283177.jpg\",\"width\":2006,\"height\":642,\"caption\":\"V\u00e9ronique PLATEAU-LACOSTE\"},\"logo\":{\"@id\":\"https:\\\/\\\/vivecreations.com\\\/wp-content\\\/uploads\\\/2026\\\/03\\\/LOGO-VIVE-Original-GRAND-e1773771283177.jpg\"},\"sameAs\":[\"http:\\\/\\\/vivecreations.com\"]}]}<\/script>\n<!-- \/ Yoast SEO plugin. -->","yoast_head_json":{"title":"Sac Boule Noir motifs Argent\u00e9s - Vive Cr\u00e9ations","robots":{"index":"index","follow":"follow","max-snippet":"max-snippet:-1","max-image-preview":"max-image-preview:large","max-video-preview":"max-video-preview:-1"},"canonical":"https:\/\/vivecreations.com\/vitrine\/product\/sac-boule-noir-motifs-argentes\/","og_locale":"fr_FR","og_type":"article","og_title":"Sac Boule Noir motifs Argent\u00e9s - Vive Cr\u00e9ations","og_description":"Un sac adorable, et tr\u00e8s f\u00e9minin Vaste bourse en cuir d'agneau, tr\u00e8s souple.Bandouli\u00e8re\u00a0d\u2019environ 95 cm.","og_url":"https:\/\/vivecreations.com\/vitrine\/product\/sac-boule-noir-motifs-argentes\/","og_site_name":"Vive Cr\u00e9ations","article_modified_time":"2026-03-20T09:27:44+00:00","og_image":[{"width":1000,"height":1333,"url":"https:\/\/vivecreations.com\/wp-content\/uploads\/2019\/01\/63-f4f-Sac-Boule-Noir-motifs-Argentes.jpg","type":"image\/jpeg"}],"twitter_card":"summary_large_image","schema":{"@context":"https:\/\/schema.org","@graph":[{"@type":"WebPage","@id":"https:\/\/vivecreations.com\/vitrine\/product\/sac-boule-noir-motifs-argentes\/","url":"https:\/\/vivecreations.com\/vitrine\/product\/sac-boule-noir-motifs-argentes\/","name":"Sac Boule Noir motifs Argent\u00e9s - Vive Cr\u00e9ations","isPartOf":{"@id":"https:\/\/vivecreations.com\/vitrine\/#website"},"primaryImageOfPage":{"@id":"https:\/\/vivecreations.com\/vitrine\/product\/sac-boule-noir-motifs-argentes\/#primaryimage"},"image":{"@id":"https:\/\/vivecreations.com\/vitrine\/product\/sac-boule-noir-motifs-argentes\/#primaryimage"},"thumbnailUrl":"https:\/\/vivecreations.com\/wp-content\/uploads\/2019\/01\/63-f4f-Sac-Boule-Noir-motifs-Argentes.jpg","datePublished":"2019-01-01T12:47:39+00:00","dateModified":"2026-03-20T09:27:44+00:00","breadcrumb":{"@id":"https:\/\/vivecreations.com\/vitrine\/product\/sac-boule-noir-motifs-argentes\/#breadcrumb"},"inLanguage":"fr-FR","potentialAction":[{"@type":"ReadAction","target":["https:\/\/vivecreations.com\/vitrine\/product\/sac-boule-noir-motifs-argentes\/"]}]},{"@type":"ImageObject","inLanguage":"fr-FR","@id":"https:\/\/vivecreations.com\/vitrine\/product\/sac-boule-noir-motifs-argentes\/#primaryimage","url":"https:\/\/vivecreations.com\/wp-content\/uploads\/2019\/01\/63-f4f-Sac-Boule-Noir-motifs-Argentes.jpg","contentUrl":"https:\/\/vivecreations.com\/wp-content\/uploads\/2019\/01\/63-f4f-Sac-Boule-Noir-motifs-Argentes.jpg","width":1000,"height":1333,"caption":"Sac Boule Noir motifs Argent\u00e9s"},{"@type":"BreadcrumbList","@id":"https:\/\/vivecreations.com\/vitrine\/product\/sac-boule-noir-motifs-argentes\/#breadcrumb","itemListElement":[{"@type":"ListItem","position":1,"name":"Accueil","item":"https:\/\/vivecreations.com\/vitrine\/"},{"@type":"ListItem","position":2,"name":"Boutique","item":"https:\/\/vivecreations.com\/vitrine\/?page_id=754"},{"@type":"ListItem","position":3,"name":"Sac Boule Noir motifs Argent\u00e9s"}]},{"@type":"WebSite","@id":"https:\/\/vivecreations.com\/vitrine\/#website","url":"https:\/\/vivecreations.com\/vitrine\/","name":"Vive Cr\u00e9ations","description":"Cr\u00e9ation de maroquinerie artisanale, cuir v\u00e9ritable","publisher":{"@id":"https:\/\/vivecreations.com\/vitrine\/#\/schema\/person\/6d1da62b503cf195a0efa0a32dafb3a0"},"potentialAction":[{"@type":"SearchAction","target":{"@type":"EntryPoint","urlTemplate":"https:\/\/vivecreations.com\/vitrine\/?s={search_term_string}"},"query-input":{"@type":"PropertyValueSpecification","valueRequired":true,"valueName":"search_term_string"}}],"inLanguage":"fr-FR"},{"@type":["Person","Organization"],"@id":"https:\/\/vivecreations.com\/vitrine\/#\/schema\/person\/6d1da62b503cf195a0efa0a32dafb3a0","name":"V\u00e9ronique PLATEAU-LACOSTE","image":{"@type":"ImageObject","inLanguage":"fr-FR","@id":"https:\/\/vivecreations.com\/wp-content\/uploads\/2026\/03\/LOGO-VIVE-Original-GRAND-e1773771283177.jpg","url":"https:\/\/vivecreations.com\/wp-content\/uploads\/2026\/03\/LOGO-VIVE-Original-GRAND-e1773771283177.jpg","contentUrl":"https:\/\/vivecreations.com\/wp-content\/uploads\/2026\/03\/LOGO-VIVE-Original-GRAND-e1773771283177.jpg","width":2006,"height":642,"caption":"V\u00e9ronique PLATEAU-LACOSTE"},"logo":{"@id":"https:\/\/vivecreations.com\/wp-content\/uploads\/2026\/03\/LOGO-VIVE-Original-GRAND-e1773771283177.jpg"},"sameAs":["http:\/\/vivecreations.com"]}]}},"_links":{"self":[{"href":"https:\/\/vivecreations.com\/vitrine\/wp-json\/wp\/v2\/product\/160","targetHints":{"allow":["GET"]}}],"collection":[{"href":"https:\/\/vivecreations.com\/vitrine\/wp-json\/wp\/v2\/product"}],"about":[{"href":"https:\/\/vivecreations.com\/vitrine\/wp-json\/wp\/v2\/types\/product"}],"wp:featuredmedia":[{"embeddable":true,"href":"https:\/\/vivecreations.com\/vitrine\/wp-json\/wp\/v2\/media\/157"}],"wp:attachment":[{"href":"https:\/\/vivecreations.com\/vitrine\/wp-json\/wp\/v2\/media?parent=160"}],"wp:term":[{"taxonomy":"product_brand","embeddable":true,"href":"https:\/\/vivecreations.com\/vitrine\/wp-json\/wp\/v2\/product_brand?post=160"},{"taxonomy":"product_cat","embeddable":true,"href":"https:\/\/vivecreations.com\/vitrine\/wp-json\/wp\/v2\/product_cat?post=160"},{"taxonomy":"product_tag","embeddable":true,"href":"https:\/\/vivecreations.com\/vitrine\/wp-json\/wp\/v2\/product_tag?post=160"}],"curies":[{"name":"wp","href":"https:\/\/api.w.org\/{rel}","templated":true}]}}