{"id":868,"date":"2026-03-17T07:22:25","date_gmt":"2026-03-17T06:22:25","guid":{"rendered":"https:\/\/vivecreations.com\/?page_id=868"},"modified":"2026-03-17T20:53:15","modified_gmt":"2026-03-17T19:53:15","slug":"ethique","status":"publish","type":"page","link":"https:\/\/vivecreations.com\/vitrine\/ethique\/","title":{"rendered":"\u00c9thique"},"content":{"rendered":"\n<div class=\"wp-block-group alignwide is-content-justification-center is-nowrap is-layout-flex wp-container-core-group-is-layout-3be81a75 wp-block-group-is-layout-flex\" style=\"padding-right:0;padding-left:0\">\n<figure class=\"wp-block-image size-full wp-container-content-e0b89f81\"><img loading=\"lazy\" decoding=\"async\" width=\"355\" height=\"600\" src=\"https:\/\/vivecreations.com\/wp-content\/uploads\/2019\/01\/Veronique-a7f.png\" alt=\"\" class=\"wp-image-16\" srcset=\"https:\/\/vivecreations.com\/wp-content\/uploads\/2019\/01\/Veronique-a7f.png 355w, https:\/\/vivecreations.com\/wp-content\/uploads\/2019\/01\/Veronique-a7f-178x300.png 178w\" sizes=\"auto, (max-width: 355px) 100vw, 355px\" \/><\/figure>\n\n\n\n<p class=\"wp-container-content-432d1f4f\" style=\"margin-top:0;margin-right:0;margin-bottom:0;margin-left:0;padding-top:0;padding-right:0;padding-bottom:0;padding-left:0;font-style:italic;font-weight:300;line-height:1.6\"><strong>Une \u00e9thique de l&rsquo;entreprise<\/strong><br>Vive Cr\u00e9ations est une activit\u00e9 totalement artisanale. Je ne vends que les produits que je fabrique moi-m\u00eame, \u00e0 Cressin-Rochefort dans l&rsquo;Ain. Mon \u00e9thique de l&rsquo;entreprise est fond\u00e9e sur le respect des clients, l&rsquo;honn\u00eatet\u00e9 et la responsabilit\u00e9 personnelle quant-\u00e0 ce que je fabrique et livre.<br><br>Les prix sont calcul\u00e9s au plus juste, et sont tr\u00e8s comp\u00e9titifs au vu de la qualit\u00e9, de la durabilit\u00e9 des produits et de leurs finitions.<br><br>Achetez mes cr\u00e9ations, vous les porterez longtemps et avec plaisir, et vous soutiendrez une activit\u00e9 100% artisanale et r\u00e9gionale. <br>V\u00e9ronique<\/p>\n<\/div>\n","protected":false},"excerpt":{"rendered":"<p>Une \u00e9thique de l&rsquo;entrepriseVive Cr\u00e9ations est une activit\u00e9 totalement artisanale. Je ne vends que les produits que je fabrique moi-m\u00eame, \u00e0 Cressin-Rochefort dans l&rsquo;Ain. Mon \u00e9thique de l&rsquo;entreprise est fond\u00e9e sur le respect des clients, l&rsquo;honn\u00eatet\u00e9 et la responsabilit\u00e9 personnelle quant-\u00e0 ce que je fabrique et livre. Les prix sont calcul\u00e9s au plus juste, et [&hellip;]<\/p>\n","protected":false},"author":1,"featured_media":0,"parent":0,"menu_order":0,"comment_status":"closed","ping_status":"closed","template":"","meta":{"footnotes":""},"class_list":["post-868","page","type-page","status-publish","hentry"],"yoast_head":"<!-- This site is optimized with the Yoast SEO plugin v27.3 - https:\/\/yoast.com\/product\/yoast-seo-wordpress\/ -->\n<title>\u00c9thique - Vive Cr\u00e9ations<\/title>\n<meta name=\"robots\" content=\"index, follow, max-snippet:-1, max-image-preview:large, max-video-preview:-1\" \/>\n<link rel=\"canonical\" href=\"https:\/\/vivecreations.com\/vitrine\/ethique\/\" \/>\n<meta property=\"og:locale\" content=\"fr_FR\" \/>\n<meta property=\"og:type\" content=\"article\" \/>\n<meta property=\"og:title\" content=\"\u00c9thique - Vive Cr\u00e9ations\" \/>\n<meta property=\"og:description\" content=\"Une \u00e9thique de l&rsquo;entrepriseVive Cr\u00e9ations est une activit\u00e9 totalement artisanale. Je ne vends que les produits que je fabrique moi-m\u00eame, \u00e0 Cressin-Rochefort dans l&rsquo;Ain. Mon \u00e9thique de l&rsquo;entreprise est fond\u00e9e sur le respect des clients, l&rsquo;honn\u00eatet\u00e9 et la responsabilit\u00e9 personnelle quant-\u00e0 ce que je fabrique et livre. Les prix sont calcul\u00e9s au plus juste, et [&hellip;]\" \/>\n<meta property=\"og:url\" content=\"https:\/\/vivecreations.com\/vitrine\/ethique\/\" \/>\n<meta property=\"og:site_name\" content=\"Vive Cr\u00e9ations\" \/>\n<meta property=\"article:modified_time\" content=\"2026-03-17T19:53:15+00:00\" \/>\n<meta property=\"og:image\" content=\"https:\/\/vivecreations.com\/wp-content\/uploads\/2019\/01\/Veronique-a7f.png\" \/>\n<meta name=\"twitter:card\" content=\"summary_large_image\" \/>\n<meta name=\"twitter:label1\" content=\"Dur\u00e9e de lecture estim\u00e9e\" \/>\n\t<meta name=\"twitter:data1\" content=\"1 minute\" \/>\n<script type=\"application\/ld+json\" class=\"yoast-schema-graph\">{\"@context\":\"https:\\\/\\\/schema.org\",\"@graph\":[{\"@type\":\"WebPage\",\"@id\":\"https:\\\/\\\/vivecreations.com\\\/vitrine\\\/ethique\\\/\",\"url\":\"https:\\\/\\\/vivecreations.com\\\/vitrine\\\/ethique\\\/\",\"name\":\"\u00c9thique - Vive Cr\u00e9ations\",\"isPartOf\":{\"@id\":\"https:\\\/\\\/vivecreations.com\\\/vitrine\\\/#website\"},\"primaryImageOfPage\":{\"@id\":\"https:\\\/\\\/vivecreations.com\\\/vitrine\\\/ethique\\\/#primaryimage\"},\"image\":{\"@id\":\"https:\\\/\\\/vivecreations.com\\\/vitrine\\\/ethique\\\/#primaryimage\"},\"thumbnailUrl\":\"https:\\\/\\\/vivecreations.com\\\/wp-content\\\/uploads\\\/2019\\\/01\\\/Veronique-a7f.png\",\"datePublished\":\"2026-03-17T06:22:25+00:00\",\"dateModified\":\"2026-03-17T19:53:15+00:00\",\"breadcrumb\":{\"@id\":\"https:\\\/\\\/vivecreations.com\\\/vitrine\\\/ethique\\\/#breadcrumb\"},\"inLanguage\":\"fr-FR\",\"potentialAction\":[{\"@type\":\"ReadAction\",\"target\":[\"https:\\\/\\\/vivecreations.com\\\/vitrine\\\/ethique\\\/\"]}]},{\"@type\":\"ImageObject\",\"inLanguage\":\"fr-FR\",\"@id\":\"https:\\\/\\\/vivecreations.com\\\/vitrine\\\/ethique\\\/#primaryimage\",\"url\":\"https:\\\/\\\/vivecreations.com\\\/wp-content\\\/uploads\\\/2019\\\/01\\\/Veronique-a7f.png\",\"contentUrl\":\"https:\\\/\\\/vivecreations.com\\\/wp-content\\\/uploads\\\/2019\\\/01\\\/Veronique-a7f.png\"},{\"@type\":\"BreadcrumbList\",\"@id\":\"https:\\\/\\\/vivecreations.com\\\/vitrine\\\/ethique\\\/#breadcrumb\",\"itemListElement\":[{\"@type\":\"ListItem\",\"position\":1,\"name\":\"Accueil\",\"item\":\"https:\\\/\\\/vivecreations.com\\\/vitrine\\\/\"},{\"@type\":\"ListItem\",\"position\":2,\"name\":\"\u00c9thique\"}]},{\"@type\":\"WebSite\",\"@id\":\"https:\\\/\\\/vivecreations.com\\\/vitrine\\\/#website\",\"url\":\"https:\\\/\\\/vivecreations.com\\\/vitrine\\\/\",\"name\":\"Vive Cr\u00e9ations\",\"description\":\"Cr\u00e9ation de maroquinerie artisanale, cuir v\u00e9ritable\",\"publisher\":{\"@id\":\"https:\\\/\\\/vivecreations.com\\\/vitrine\\\/#\\\/schema\\\/person\\\/6d1da62b503cf195a0efa0a32dafb3a0\"},\"potentialAction\":[{\"@type\":\"SearchAction\",\"target\":{\"@type\":\"EntryPoint\",\"urlTemplate\":\"https:\\\/\\\/vivecreations.com\\\/vitrine\\\/?s={search_term_string}\"},\"query-input\":{\"@type\":\"PropertyValueSpecification\",\"valueRequired\":true,\"valueName\":\"search_term_string\"}}],\"inLanguage\":\"fr-FR\"},{\"@type\":[\"Person\",\"Organization\"],\"@id\":\"https:\\\/\\\/vivecreations.com\\\/vitrine\\\/#\\\/schema\\\/person\\\/6d1da62b503cf195a0efa0a32dafb3a0\",\"name\":\"V\u00e9ronique PLATEAU-LACOSTE\",\"image\":{\"@type\":\"ImageObject\",\"inLanguage\":\"fr-FR\",\"@id\":\"https:\\\/\\\/vivecreations.com\\\/wp-content\\\/uploads\\\/2026\\\/03\\\/LOGO-VIVE-Original-GRAND-e1773771283177.jpg\",\"url\":\"https:\\\/\\\/vivecreations.com\\\/wp-content\\\/uploads\\\/2026\\\/03\\\/LOGO-VIVE-Original-GRAND-e1773771283177.jpg\",\"contentUrl\":\"https:\\\/\\\/vivecreations.com\\\/wp-content\\\/uploads\\\/2026\\\/03\\\/LOGO-VIVE-Original-GRAND-e1773771283177.jpg\",\"width\":2006,\"height\":642,\"caption\":\"V\u00e9ronique PLATEAU-LACOSTE\"},\"logo\":{\"@id\":\"https:\\\/\\\/vivecreations.com\\\/wp-content\\\/uploads\\\/2026\\\/03\\\/LOGO-VIVE-Original-GRAND-e1773771283177.jpg\"},\"sameAs\":[\"http:\\\/\\\/vivecreations.com\"]}]}<\/script>\n<!-- \/ Yoast SEO plugin. -->","yoast_head_json":{"title":"\u00c9thique - Vive Cr\u00e9ations","robots":{"index":"index","follow":"follow","max-snippet":"max-snippet:-1","max-image-preview":"max-image-preview:large","max-video-preview":"max-video-preview:-1"},"canonical":"https:\/\/vivecreations.com\/vitrine\/ethique\/","og_locale":"fr_FR","og_type":"article","og_title":"\u00c9thique - Vive Cr\u00e9ations","og_description":"Une \u00e9thique de l&rsquo;entrepriseVive Cr\u00e9ations est une activit\u00e9 totalement artisanale. Je ne vends que les produits que je fabrique moi-m\u00eame, \u00e0 Cressin-Rochefort dans l&rsquo;Ain. Mon \u00e9thique de l&rsquo;entreprise est fond\u00e9e sur le respect des clients, l&rsquo;honn\u00eatet\u00e9 et la responsabilit\u00e9 personnelle quant-\u00e0 ce que je fabrique et livre. Les prix sont calcul\u00e9s au plus juste, et [&hellip;]","og_url":"https:\/\/vivecreations.com\/vitrine\/ethique\/","og_site_name":"Vive Cr\u00e9ations","article_modified_time":"2026-03-17T19:53:15+00:00","og_image":[{"url":"https:\/\/vivecreations.com\/wp-content\/uploads\/2019\/01\/Veronique-a7f.png","type":"","width":"","height":""}],"twitter_card":"summary_large_image","twitter_misc":{"Dur\u00e9e de lecture estim\u00e9e":"1 minute"},"schema":{"@context":"https:\/\/schema.org","@graph":[{"@type":"WebPage","@id":"https:\/\/vivecreations.com\/vitrine\/ethique\/","url":"https:\/\/vivecreations.com\/vitrine\/ethique\/","name":"\u00c9thique - Vive Cr\u00e9ations","isPartOf":{"@id":"https:\/\/vivecreations.com\/vitrine\/#website"},"primaryImageOfPage":{"@id":"https:\/\/vivecreations.com\/vitrine\/ethique\/#primaryimage"},"image":{"@id":"https:\/\/vivecreations.com\/vitrine\/ethique\/#primaryimage"},"thumbnailUrl":"https:\/\/vivecreations.com\/wp-content\/uploads\/2019\/01\/Veronique-a7f.png","datePublished":"2026-03-17T06:22:25+00:00","dateModified":"2026-03-17T19:53:15+00:00","breadcrumb":{"@id":"https:\/\/vivecreations.com\/vitrine\/ethique\/#breadcrumb"},"inLanguage":"fr-FR","potentialAction":[{"@type":"ReadAction","target":["https:\/\/vivecreations.com\/vitrine\/ethique\/"]}]},{"@type":"ImageObject","inLanguage":"fr-FR","@id":"https:\/\/vivecreations.com\/vitrine\/ethique\/#primaryimage","url":"https:\/\/vivecreations.com\/wp-content\/uploads\/2019\/01\/Veronique-a7f.png","contentUrl":"https:\/\/vivecreations.com\/wp-content\/uploads\/2019\/01\/Veronique-a7f.png"},{"@type":"BreadcrumbList","@id":"https:\/\/vivecreations.com\/vitrine\/ethique\/#breadcrumb","itemListElement":[{"@type":"ListItem","position":1,"name":"Accueil","item":"https:\/\/vivecreations.com\/vitrine\/"},{"@type":"ListItem","position":2,"name":"\u00c9thique"}]},{"@type":"WebSite","@id":"https:\/\/vivecreations.com\/vitrine\/#website","url":"https:\/\/vivecreations.com\/vitrine\/","name":"Vive Cr\u00e9ations","description":"Cr\u00e9ation de maroquinerie artisanale, cuir v\u00e9ritable","publisher":{"@id":"https:\/\/vivecreations.com\/vitrine\/#\/schema\/person\/6d1da62b503cf195a0efa0a32dafb3a0"},"potentialAction":[{"@type":"SearchAction","target":{"@type":"EntryPoint","urlTemplate":"https:\/\/vivecreations.com\/vitrine\/?s={search_term_string}"},"query-input":{"@type":"PropertyValueSpecification","valueRequired":true,"valueName":"search_term_string"}}],"inLanguage":"fr-FR"},{"@type":["Person","Organization"],"@id":"https:\/\/vivecreations.com\/vitrine\/#\/schema\/person\/6d1da62b503cf195a0efa0a32dafb3a0","name":"V\u00e9ronique PLATEAU-LACOSTE","image":{"@type":"ImageObject","inLanguage":"fr-FR","@id":"https:\/\/vivecreations.com\/wp-content\/uploads\/2026\/03\/LOGO-VIVE-Original-GRAND-e1773771283177.jpg","url":"https:\/\/vivecreations.com\/wp-content\/uploads\/2026\/03\/LOGO-VIVE-Original-GRAND-e1773771283177.jpg","contentUrl":"https:\/\/vivecreations.com\/wp-content\/uploads\/2026\/03\/LOGO-VIVE-Original-GRAND-e1773771283177.jpg","width":2006,"height":642,"caption":"V\u00e9ronique PLATEAU-LACOSTE"},"logo":{"@id":"https:\/\/vivecreations.com\/wp-content\/uploads\/2026\/03\/LOGO-VIVE-Original-GRAND-e1773771283177.jpg"},"sameAs":["http:\/\/vivecreations.com"]}]}},"_links":{"self":[{"href":"https:\/\/vivecreations.com\/vitrine\/wp-json\/wp\/v2\/pages\/868","targetHints":{"allow":["GET"]}}],"collection":[{"href":"https:\/\/vivecreations.com\/vitrine\/wp-json\/wp\/v2\/pages"}],"about":[{"href":"https:\/\/vivecreations.com\/vitrine\/wp-json\/wp\/v2\/types\/page"}],"author":[{"embeddable":true,"href":"https:\/\/vivecreations.com\/vitrine\/wp-json\/wp\/v2\/users\/1"}],"replies":[{"embeddable":true,"href":"https:\/\/vivecreations.com\/vitrine\/wp-json\/wp\/v2\/comments?post=868"}],"version-history":[{"count":8,"href":"https:\/\/vivecreations.com\/vitrine\/wp-json\/wp\/v2\/pages\/868\/revisions"}],"predecessor-version":[{"id":1089,"href":"https:\/\/vivecreations.com\/vitrine\/wp-json\/wp\/v2\/pages\/868\/revisions\/1089"}],"wp:attachment":[{"href":"https:\/\/vivecreations.com\/vitrine\/wp-json\/wp\/v2\/media?parent=868"}],"curies":[{"name":"wp","href":"https:\/\/api.w.org\/{rel}","templated":true}]}}