{"id":1083,"date":"2026-03-17T20:45:15","date_gmt":"2026-03-17T19:45:15","guid":{"rendered":"https:\/\/vivecreations.com\/?page_id=1083"},"modified":"2026-03-17T21:20:59","modified_gmt":"2026-03-17T20:20:59","slug":"conditions-de-vente","status":"publish","type":"page","link":"https:\/\/vivecreations.com\/vitrine\/conditions-de-vente\/","title":{"rendered":"Conditions de Vente"},"content":{"rendered":"\n<div class=\"wp-block-group alignwide is-content-justification-right is-nowrap is-layout-flex wp-container-core-group-is-layout-d7766e8d wp-block-group-is-layout-flex\" style=\"margin-top:0;margin-bottom:0\">\n<div class=\"wp-block-columns is-layout-flex wp-container-core-columns-is-layout-28f84493 wp-block-columns-is-layout-flex\">\n<div class=\"wp-block-column has-global-padding is-layout-constrained wp-block-column-is-layout-constrained\">\n<div class=\"wp-block-group wp-container-content-9cfa9a5a is-vertical is-content-justification-left is-nowrap is-layout-flex wp-container-core-group-is-layout-87328470 wp-block-group-is-layout-flex\">\n<p style=\"padding-right:0;padding-left:0\"><strong>Vous avez 14 jours pour changer d&rsquo;avis !<br><\/strong><\/p>\n\n\n\n<p style=\"padding-right:0;padding-left:0\">Quelles que soient vos raisons, vous avez 14 jours pour changer d&rsquo;avis, je vous rembourse le prix des articles retourn\u00e9s en \u00e9tat neuf.<\/p>\n\n\n\n<p>Le produit doit \u00eatre retourn\u00e9 dans son emballage d&rsquo;origine et complet, dans les 14 jours \u00e0 compter de la r\u00e9ception de votre colis.<br>Il doit \u00eatre en parfait \u00e9tat (\u00e9tat neuf).<br>Les frais d&rsquo;envoi et de retour restent \u00e0 votre charge.<\/p>\n\n\n\n<p><br><strong>En cas de commande non conforme, vous \u00eates int\u00e9gralement rembours\u00e9<br><\/strong>Je m&rsquo;engage \u00e0 vous rembourser, ou \u00e0 vous \u00e9changer les articles d\u00e9fectueux ou ne correspondant pas \u00e0 votre commande.<\/p>\n\n\n\n<p style=\"padding-right:0;padding-left:0\">La demande doit \u00eatre effectu\u00e9e dans les 8 jours ouvr\u00e9s suivant la livraison.<br>Les frais d&rsquo;envoi vous seront rembours\u00e9s sur la base du tarif factur\u00e9 et les frais de retour vous seront rembours\u00e9s. <\/p>\n<\/div>\n<\/div>\n\n\n\n<div class=\"wp-block-column is-layout-flow wp-block-column-is-layout-flow\">\n<figure class=\"wp-block-image aligncenter size-full wp-container-content-9cfa9a5a\" style=\"margin-top:0;margin-right:0;margin-bottom:0;margin-left:0\"><img loading=\"lazy\" decoding=\"async\" width=\"500\" height=\"500\" src=\"https:\/\/vivecreations.com\/wp-content\/uploads\/2019\/01\/9278-d58.jpg\" alt=\"\" class=\"wp-image-14\" style=\"aspect-ratio:1.4182916218844364;object-fit:cover\" srcset=\"https:\/\/vivecreations.com\/wp-content\/uploads\/2019\/01\/9278-d58.jpg 500w, https:\/\/vivecreations.com\/wp-content\/uploads\/2019\/01\/9278-d58-300x300.jpg 300w, https:\/\/vivecreations.com\/wp-content\/uploads\/2019\/01\/9278-d58-100x100.jpg 100w, https:\/\/vivecreations.com\/wp-content\/uploads\/2019\/01\/9278-d58-150x150.jpg 150w\" sizes=\"auto, (max-width: 500px) 100vw, 500px\" \/><\/figure>\n<\/div>\n<\/div>\n<\/div>\n","protected":false},"excerpt":{"rendered":"<p>Vous avez 14 jours pour changer d&rsquo;avis ! Quelles que soient vos raisons, vous avez 14 jours pour changer d&rsquo;avis, je vous rembourse le prix des articles retourn\u00e9s en \u00e9tat neuf. Le produit doit \u00eatre retourn\u00e9 dans son emballage d&rsquo;origine et complet, dans les 14 jours \u00e0 compter de la r\u00e9ception de votre colis.Il doit [&hellip;]<\/p>\n","protected":false},"author":1,"featured_media":0,"parent":0,"menu_order":0,"comment_status":"closed","ping_status":"closed","template":"","meta":{"footnotes":""},"class_list":["post-1083","page","type-page","status-publish","hentry"],"yoast_head":"<!-- This site is optimized with the Yoast SEO plugin v27.3 - https:\/\/yoast.com\/product\/yoast-seo-wordpress\/ -->\n<title>Conditions de Vente - Vive Cr\u00e9ations<\/title>\n<meta name=\"robots\" content=\"index, follow, max-snippet:-1, max-image-preview:large, max-video-preview:-1\" \/>\n<link rel=\"canonical\" href=\"https:\/\/vivecreations.com\/vitrine\/conditions-de-vente\/\" \/>\n<meta property=\"og:locale\" content=\"fr_FR\" \/>\n<meta property=\"og:type\" content=\"article\" \/>\n<meta property=\"og:title\" content=\"Conditions de Vente - Vive Cr\u00e9ations\" \/>\n<meta property=\"og:description\" content=\"Vous avez 14 jours pour changer d&rsquo;avis ! Quelles que soient vos raisons, vous avez 14 jours pour changer d&rsquo;avis, je vous rembourse le prix des articles retourn\u00e9s en \u00e9tat neuf. Le produit doit \u00eatre retourn\u00e9 dans son emballage d&rsquo;origine et complet, dans les 14 jours \u00e0 compter de la r\u00e9ception de votre colis.Il doit [&hellip;]\" \/>\n<meta property=\"og:url\" content=\"https:\/\/vivecreations.com\/vitrine\/conditions-de-vente\/\" \/>\n<meta property=\"og:site_name\" content=\"Vive Cr\u00e9ations\" \/>\n<meta property=\"article:modified_time\" content=\"2026-03-17T20:20:59+00:00\" \/>\n<meta property=\"og:image\" content=\"https:\/\/vivecreations.com\/wp-content\/uploads\/2019\/01\/9278-d58.jpg\" \/>\n<meta name=\"twitter:card\" content=\"summary_large_image\" \/>\n<meta name=\"twitter:label1\" content=\"Dur\u00e9e de lecture estim\u00e9e\" \/>\n\t<meta name=\"twitter:data1\" content=\"1 minute\" \/>\n<script type=\"application\/ld+json\" class=\"yoast-schema-graph\">{\"@context\":\"https:\\\/\\\/schema.org\",\"@graph\":[{\"@type\":\"WebPage\",\"@id\":\"https:\\\/\\\/vivecreations.com\\\/vitrine\\\/conditions-de-vente\\\/\",\"url\":\"https:\\\/\\\/vivecreations.com\\\/vitrine\\\/conditions-de-vente\\\/\",\"name\":\"Conditions de Vente - Vive Cr\u00e9ations\",\"isPartOf\":{\"@id\":\"https:\\\/\\\/vivecreations.com\\\/vitrine\\\/#website\"},\"primaryImageOfPage\":{\"@id\":\"https:\\\/\\\/vivecreations.com\\\/vitrine\\\/conditions-de-vente\\\/#primaryimage\"},\"image\":{\"@id\":\"https:\\\/\\\/vivecreations.com\\\/vitrine\\\/conditions-de-vente\\\/#primaryimage\"},\"thumbnailUrl\":\"https:\\\/\\\/vivecreations.com\\\/wp-content\\\/uploads\\\/2019\\\/01\\\/9278-d58.jpg\",\"datePublished\":\"2026-03-17T19:45:15+00:00\",\"dateModified\":\"2026-03-17T20:20:59+00:00\",\"breadcrumb\":{\"@id\":\"https:\\\/\\\/vivecreations.com\\\/vitrine\\\/conditions-de-vente\\\/#breadcrumb\"},\"inLanguage\":\"fr-FR\",\"potentialAction\":[{\"@type\":\"ReadAction\",\"target\":[\"https:\\\/\\\/vivecreations.com\\\/vitrine\\\/conditions-de-vente\\\/\"]}]},{\"@type\":\"ImageObject\",\"inLanguage\":\"fr-FR\",\"@id\":\"https:\\\/\\\/vivecreations.com\\\/vitrine\\\/conditions-de-vente\\\/#primaryimage\",\"url\":\"https:\\\/\\\/vivecreations.com\\\/wp-content\\\/uploads\\\/2019\\\/01\\\/9278-d58.jpg\",\"contentUrl\":\"https:\\\/\\\/vivecreations.com\\\/wp-content\\\/uploads\\\/2019\\\/01\\\/9278-d58.jpg\"},{\"@type\":\"BreadcrumbList\",\"@id\":\"https:\\\/\\\/vivecreations.com\\\/vitrine\\\/conditions-de-vente\\\/#breadcrumb\",\"itemListElement\":[{\"@type\":\"ListItem\",\"position\":1,\"name\":\"Accueil\",\"item\":\"https:\\\/\\\/vivecreations.com\\\/vitrine\\\/\"},{\"@type\":\"ListItem\",\"position\":2,\"name\":\"Conditions de Vente\"}]},{\"@type\":\"WebSite\",\"@id\":\"https:\\\/\\\/vivecreations.com\\\/vitrine\\\/#website\",\"url\":\"https:\\\/\\\/vivecreations.com\\\/vitrine\\\/\",\"name\":\"Vive Cr\u00e9ations\",\"description\":\"Cr\u00e9ation de maroquinerie artisanale, cuir v\u00e9ritable\",\"publisher\":{\"@id\":\"https:\\\/\\\/vivecreations.com\\\/vitrine\\\/#\\\/schema\\\/person\\\/6d1da62b503cf195a0efa0a32dafb3a0\"},\"potentialAction\":[{\"@type\":\"SearchAction\",\"target\":{\"@type\":\"EntryPoint\",\"urlTemplate\":\"https:\\\/\\\/vivecreations.com\\\/vitrine\\\/?s={search_term_string}\"},\"query-input\":{\"@type\":\"PropertyValueSpecification\",\"valueRequired\":true,\"valueName\":\"search_term_string\"}}],\"inLanguage\":\"fr-FR\"},{\"@type\":[\"Person\",\"Organization\"],\"@id\":\"https:\\\/\\\/vivecreations.com\\\/vitrine\\\/#\\\/schema\\\/person\\\/6d1da62b503cf195a0efa0a32dafb3a0\",\"name\":\"V\u00e9ronique PLATEAU-LACOSTE\",\"image\":{\"@type\":\"ImageObject\",\"inLanguage\":\"fr-FR\",\"@id\":\"https:\\\/\\\/vivecreations.com\\\/wp-content\\\/uploads\\\/2026\\\/03\\\/LOGO-VIVE-Original-GRAND-e1773771283177.jpg\",\"url\":\"https:\\\/\\\/vivecreations.com\\\/wp-content\\\/uploads\\\/2026\\\/03\\\/LOGO-VIVE-Original-GRAND-e1773771283177.jpg\",\"contentUrl\":\"https:\\\/\\\/vivecreations.com\\\/wp-content\\\/uploads\\\/2026\\\/03\\\/LOGO-VIVE-Original-GRAND-e1773771283177.jpg\",\"width\":2006,\"height\":642,\"caption\":\"V\u00e9ronique PLATEAU-LACOSTE\"},\"logo\":{\"@id\":\"https:\\\/\\\/vivecreations.com\\\/wp-content\\\/uploads\\\/2026\\\/03\\\/LOGO-VIVE-Original-GRAND-e1773771283177.jpg\"},\"sameAs\":[\"http:\\\/\\\/vivecreations.com\"]}]}<\/script>\n<!-- \/ Yoast SEO plugin. -->","yoast_head_json":{"title":"Conditions de Vente - Vive Cr\u00e9ations","robots":{"index":"index","follow":"follow","max-snippet":"max-snippet:-1","max-image-preview":"max-image-preview:large","max-video-preview":"max-video-preview:-1"},"canonical":"https:\/\/vivecreations.com\/vitrine\/conditions-de-vente\/","og_locale":"fr_FR","og_type":"article","og_title":"Conditions de Vente - Vive Cr\u00e9ations","og_description":"Vous avez 14 jours pour changer d&rsquo;avis ! Quelles que soient vos raisons, vous avez 14 jours pour changer d&rsquo;avis, je vous rembourse le prix des articles retourn\u00e9s en \u00e9tat neuf. Le produit doit \u00eatre retourn\u00e9 dans son emballage d&rsquo;origine et complet, dans les 14 jours \u00e0 compter de la r\u00e9ception de votre colis.Il doit [&hellip;]","og_url":"https:\/\/vivecreations.com\/vitrine\/conditions-de-vente\/","og_site_name":"Vive Cr\u00e9ations","article_modified_time":"2026-03-17T20:20:59+00:00","og_image":[{"url":"https:\/\/vivecreations.com\/wp-content\/uploads\/2019\/01\/9278-d58.jpg","type":"","width":"","height":""}],"twitter_card":"summary_large_image","twitter_misc":{"Dur\u00e9e de lecture estim\u00e9e":"1 minute"},"schema":{"@context":"https:\/\/schema.org","@graph":[{"@type":"WebPage","@id":"https:\/\/vivecreations.com\/vitrine\/conditions-de-vente\/","url":"https:\/\/vivecreations.com\/vitrine\/conditions-de-vente\/","name":"Conditions de Vente - Vive Cr\u00e9ations","isPartOf":{"@id":"https:\/\/vivecreations.com\/vitrine\/#website"},"primaryImageOfPage":{"@id":"https:\/\/vivecreations.com\/vitrine\/conditions-de-vente\/#primaryimage"},"image":{"@id":"https:\/\/vivecreations.com\/vitrine\/conditions-de-vente\/#primaryimage"},"thumbnailUrl":"https:\/\/vivecreations.com\/wp-content\/uploads\/2019\/01\/9278-d58.jpg","datePublished":"2026-03-17T19:45:15+00:00","dateModified":"2026-03-17T20:20:59+00:00","breadcrumb":{"@id":"https:\/\/vivecreations.com\/vitrine\/conditions-de-vente\/#breadcrumb"},"inLanguage":"fr-FR","potentialAction":[{"@type":"ReadAction","target":["https:\/\/vivecreations.com\/vitrine\/conditions-de-vente\/"]}]},{"@type":"ImageObject","inLanguage":"fr-FR","@id":"https:\/\/vivecreations.com\/vitrine\/conditions-de-vente\/#primaryimage","url":"https:\/\/vivecreations.com\/wp-content\/uploads\/2019\/01\/9278-d58.jpg","contentUrl":"https:\/\/vivecreations.com\/wp-content\/uploads\/2019\/01\/9278-d58.jpg"},{"@type":"BreadcrumbList","@id":"https:\/\/vivecreations.com\/vitrine\/conditions-de-vente\/#breadcrumb","itemListElement":[{"@type":"ListItem","position":1,"name":"Accueil","item":"https:\/\/vivecreations.com\/vitrine\/"},{"@type":"ListItem","position":2,"name":"Conditions de Vente"}]},{"@type":"WebSite","@id":"https:\/\/vivecreations.com\/vitrine\/#website","url":"https:\/\/vivecreations.com\/vitrine\/","name":"Vive Cr\u00e9ations","description":"Cr\u00e9ation de maroquinerie artisanale, cuir v\u00e9ritable","publisher":{"@id":"https:\/\/vivecreations.com\/vitrine\/#\/schema\/person\/6d1da62b503cf195a0efa0a32dafb3a0"},"potentialAction":[{"@type":"SearchAction","target":{"@type":"EntryPoint","urlTemplate":"https:\/\/vivecreations.com\/vitrine\/?s={search_term_string}"},"query-input":{"@type":"PropertyValueSpecification","valueRequired":true,"valueName":"search_term_string"}}],"inLanguage":"fr-FR"},{"@type":["Person","Organization"],"@id":"https:\/\/vivecreations.com\/vitrine\/#\/schema\/person\/6d1da62b503cf195a0efa0a32dafb3a0","name":"V\u00e9ronique PLATEAU-LACOSTE","image":{"@type":"ImageObject","inLanguage":"fr-FR","@id":"https:\/\/vivecreations.com\/wp-content\/uploads\/2026\/03\/LOGO-VIVE-Original-GRAND-e1773771283177.jpg","url":"https:\/\/vivecreations.com\/wp-content\/uploads\/2026\/03\/LOGO-VIVE-Original-GRAND-e1773771283177.jpg","contentUrl":"https:\/\/vivecreations.com\/wp-content\/uploads\/2026\/03\/LOGO-VIVE-Original-GRAND-e1773771283177.jpg","width":2006,"height":642,"caption":"V\u00e9ronique PLATEAU-LACOSTE"},"logo":{"@id":"https:\/\/vivecreations.com\/wp-content\/uploads\/2026\/03\/LOGO-VIVE-Original-GRAND-e1773771283177.jpg"},"sameAs":["http:\/\/vivecreations.com"]}]}},"_links":{"self":[{"href":"https:\/\/vivecreations.com\/vitrine\/wp-json\/wp\/v2\/pages\/1083","targetHints":{"allow":["GET"]}}],"collection":[{"href":"https:\/\/vivecreations.com\/vitrine\/wp-json\/wp\/v2\/pages"}],"about":[{"href":"https:\/\/vivecreations.com\/vitrine\/wp-json\/wp\/v2\/types\/page"}],"author":[{"embeddable":true,"href":"https:\/\/vivecreations.com\/vitrine\/wp-json\/wp\/v2\/users\/1"}],"replies":[{"embeddable":true,"href":"https:\/\/vivecreations.com\/vitrine\/wp-json\/wp\/v2\/comments?post=1083"}],"version-history":[{"count":7,"href":"https:\/\/vivecreations.com\/vitrine\/wp-json\/wp\/v2\/pages\/1083\/revisions"}],"predecessor-version":[{"id":1108,"href":"https:\/\/vivecreations.com\/vitrine\/wp-json\/wp\/v2\/pages\/1083\/revisions\/1108"}],"wp:attachment":[{"href":"https:\/\/vivecreations.com\/vitrine\/wp-json\/wp\/v2\/media?parent=1083"}],"curies":[{"name":"wp","href":"https:\/\/api.w.org\/{rel}","templated":true}]}}