{"id":1059,"date":"2026-03-17T19:51:42","date_gmt":"2026-03-17T18:51:42","guid":{"rendered":"https:\/\/vivecreations.com\/?page_id=1059"},"modified":"2026-04-07T17:57:46","modified_gmt":"2026-04-07T15:57:46","slug":"artisan-dart","status":"publish","type":"page","link":"https:\/\/vivecreations.com\/vitrine\/artisan-dart\/","title":{"rendered":"Artisan d&rsquo;Art"},"content":{"rendered":"\n<div class=\"wp-block-group alignwide has-global-padding is-layout-constrained wp-block-group-is-layout-constrained\" style=\"margin-bottom:var(--wp--preset--spacing--40)\">\n<figure class=\"wp-block-image alignwide size-full is-style-rounded is-style-rounded--1\" style=\"margin-top:var(--wp--preset--spacing--10);margin-right:0;margin-bottom:var(--wp--preset--spacing--10);margin-left:0\"><img loading=\"lazy\" decoding=\"async\" width=\"1200\" height=\"842\" src=\"https:\/\/vivecreations.com\/wp-content\/uploads\/2019\/01\/Certificat-Artisan-dArt-7fc.jpeg\" alt=\"\" class=\"wp-image-20\" srcset=\"https:\/\/vivecreations.com\/wp-content\/uploads\/2019\/01\/Certificat-Artisan-dArt-7fc.jpeg 1200w, https:\/\/vivecreations.com\/wp-content\/uploads\/2019\/01\/Certificat-Artisan-dArt-7fc-600x421.jpeg 600w, https:\/\/vivecreations.com\/wp-content\/uploads\/2019\/01\/Certificat-Artisan-dArt-7fc-300x211.jpeg 300w, https:\/\/vivecreations.com\/wp-content\/uploads\/2019\/01\/Certificat-Artisan-dArt-7fc-1024x719.jpeg 1024w, https:\/\/vivecreations.com\/wp-content\/uploads\/2019\/01\/Certificat-Artisan-dArt-7fc-768x539.jpeg 768w\" sizes=\"auto, (max-width: 1200px) 100vw, 1200px\" \/><\/figure>\n\n\n\n<p>Voici le certificat attribu\u00e9 par la Chambre des M\u00e9tiers et de l\u2019Artisanat. Au-del\u00e0 d\u2019une reconnaissance de mon travail d\u2019artisan, je souhaite qu\u2019il participe \u00e0 la confiance que vous pouvez accorder \u00e0 la qualit\u00e9 de mes articles.<\/p>\n<\/div>\n","protected":false},"excerpt":{"rendered":"<p>Voici le certificat attribu\u00e9 par la Chambre des M\u00e9tiers et de l\u2019Artisanat. Au-del\u00e0 d\u2019une reconnaissance de mon travail d\u2019artisan, je souhaite qu\u2019il participe \u00e0 la confiance que vous pouvez accorder \u00e0 la qualit\u00e9 de mes articles.<\/p>\n","protected":false},"author":1,"featured_media":0,"parent":0,"menu_order":0,"comment_status":"closed","ping_status":"closed","template":"","meta":{"footnotes":""},"class_list":["post-1059","page","type-page","status-publish","hentry"],"yoast_head":"<!-- This site is optimized with the Yoast SEO plugin v27.3 - https:\/\/yoast.com\/product\/yoast-seo-wordpress\/ -->\n<title>Artisan d&#039;Art - Vive Cr\u00e9ations<\/title>\n<meta name=\"robots\" content=\"index, follow, max-snippet:-1, max-image-preview:large, max-video-preview:-1\" \/>\n<link rel=\"canonical\" href=\"https:\/\/vivecreations.com\/vitrine\/artisan-dart\/\" \/>\n<meta property=\"og:locale\" content=\"fr_FR\" \/>\n<meta property=\"og:type\" content=\"article\" \/>\n<meta property=\"og:title\" content=\"Artisan d&#039;Art - Vive Cr\u00e9ations\" \/>\n<meta property=\"og:description\" content=\"Voici le certificat attribu\u00e9 par la Chambre des M\u00e9tiers et de l\u2019Artisanat. Au-del\u00e0 d\u2019une reconnaissance de mon travail d\u2019artisan, je souhaite qu\u2019il participe \u00e0 la confiance que vous pouvez accorder \u00e0 la qualit\u00e9 de mes articles.\" \/>\n<meta property=\"og:url\" content=\"https:\/\/vivecreations.com\/vitrine\/artisan-dart\/\" \/>\n<meta property=\"og:site_name\" content=\"Vive Cr\u00e9ations\" \/>\n<meta property=\"article:modified_time\" content=\"2026-04-07T15:57:46+00:00\" \/>\n<meta property=\"og:image\" content=\"https:\/\/vivecreations.com\/wp-content\/uploads\/2019\/01\/Certificat-Artisan-dArt-7fc.jpeg\" \/>\n\t<meta property=\"og:image:width\" content=\"1200\" \/>\n\t<meta property=\"og:image:height\" content=\"842\" \/>\n\t<meta property=\"og:image:type\" content=\"image\/jpeg\" \/>\n<meta name=\"twitter:card\" content=\"summary_large_image\" \/>\n<meta name=\"twitter:label1\" content=\"Dur\u00e9e de lecture estim\u00e9e\" \/>\n\t<meta name=\"twitter:data1\" content=\"1 minute\" \/>\n<script type=\"application\/ld+json\" class=\"yoast-schema-graph\">{\"@context\":\"https:\\\/\\\/schema.org\",\"@graph\":[{\"@type\":\"WebPage\",\"@id\":\"https:\\\/\\\/vivecreations.com\\\/vitrine\\\/artisan-dart\\\/\",\"url\":\"https:\\\/\\\/vivecreations.com\\\/vitrine\\\/artisan-dart\\\/\",\"name\":\"Artisan d'Art - Vive Cr\u00e9ations\",\"isPartOf\":{\"@id\":\"https:\\\/\\\/vivecreations.com\\\/vitrine\\\/#website\"},\"primaryImageOfPage\":{\"@id\":\"https:\\\/\\\/vivecreations.com\\\/vitrine\\\/artisan-dart\\\/#primaryimage\"},\"image\":{\"@id\":\"https:\\\/\\\/vivecreations.com\\\/vitrine\\\/artisan-dart\\\/#primaryimage\"},\"thumbnailUrl\":\"https:\\\/\\\/vivecreations.com\\\/wp-content\\\/uploads\\\/2019\\\/01\\\/Certificat-Artisan-dArt-7fc.jpeg\",\"datePublished\":\"2026-03-17T18:51:42+00:00\",\"dateModified\":\"2026-04-07T15:57:46+00:00\",\"breadcrumb\":{\"@id\":\"https:\\\/\\\/vivecreations.com\\\/vitrine\\\/artisan-dart\\\/#breadcrumb\"},\"inLanguage\":\"fr-FR\",\"potentialAction\":[{\"@type\":\"ReadAction\",\"target\":[\"https:\\\/\\\/vivecreations.com\\\/vitrine\\\/artisan-dart\\\/\"]}]},{\"@type\":\"ImageObject\",\"inLanguage\":\"fr-FR\",\"@id\":\"https:\\\/\\\/vivecreations.com\\\/vitrine\\\/artisan-dart\\\/#primaryimage\",\"url\":\"https:\\\/\\\/vivecreations.com\\\/wp-content\\\/uploads\\\/2019\\\/01\\\/Certificat-Artisan-dArt-7fc.jpeg\",\"contentUrl\":\"https:\\\/\\\/vivecreations.com\\\/wp-content\\\/uploads\\\/2019\\\/01\\\/Certificat-Artisan-dArt-7fc.jpeg\"},{\"@type\":\"BreadcrumbList\",\"@id\":\"https:\\\/\\\/vivecreations.com\\\/vitrine\\\/artisan-dart\\\/#breadcrumb\",\"itemListElement\":[{\"@type\":\"ListItem\",\"position\":1,\"name\":\"Accueil\",\"item\":\"https:\\\/\\\/vivecreations.com\\\/vitrine\\\/\"},{\"@type\":\"ListItem\",\"position\":2,\"name\":\"Artisan d&rsquo;Art\"}]},{\"@type\":\"WebSite\",\"@id\":\"https:\\\/\\\/vivecreations.com\\\/vitrine\\\/#website\",\"url\":\"https:\\\/\\\/vivecreations.com\\\/vitrine\\\/\",\"name\":\"Vive Cr\u00e9ations\",\"description\":\"Cr\u00e9ation de maroquinerie artisanale, cuir v\u00e9ritable\",\"publisher\":{\"@id\":\"https:\\\/\\\/vivecreations.com\\\/vitrine\\\/#\\\/schema\\\/person\\\/6d1da62b503cf195a0efa0a32dafb3a0\"},\"potentialAction\":[{\"@type\":\"SearchAction\",\"target\":{\"@type\":\"EntryPoint\",\"urlTemplate\":\"https:\\\/\\\/vivecreations.com\\\/vitrine\\\/?s={search_term_string}\"},\"query-input\":{\"@type\":\"PropertyValueSpecification\",\"valueRequired\":true,\"valueName\":\"search_term_string\"}}],\"inLanguage\":\"fr-FR\"},{\"@type\":[\"Person\",\"Organization\"],\"@id\":\"https:\\\/\\\/vivecreations.com\\\/vitrine\\\/#\\\/schema\\\/person\\\/6d1da62b503cf195a0efa0a32dafb3a0\",\"name\":\"V\u00e9ronique PLATEAU-LACOSTE\",\"image\":{\"@type\":\"ImageObject\",\"inLanguage\":\"fr-FR\",\"@id\":\"https:\\\/\\\/vivecreations.com\\\/wp-content\\\/uploads\\\/2026\\\/03\\\/LOGO-VIVE-Original-GRAND-e1773771283177.jpg\",\"url\":\"https:\\\/\\\/vivecreations.com\\\/wp-content\\\/uploads\\\/2026\\\/03\\\/LOGO-VIVE-Original-GRAND-e1773771283177.jpg\",\"contentUrl\":\"https:\\\/\\\/vivecreations.com\\\/wp-content\\\/uploads\\\/2026\\\/03\\\/LOGO-VIVE-Original-GRAND-e1773771283177.jpg\",\"width\":2006,\"height\":642,\"caption\":\"V\u00e9ronique PLATEAU-LACOSTE\"},\"logo\":{\"@id\":\"https:\\\/\\\/vivecreations.com\\\/wp-content\\\/uploads\\\/2026\\\/03\\\/LOGO-VIVE-Original-GRAND-e1773771283177.jpg\"},\"sameAs\":[\"http:\\\/\\\/vivecreations.com\"]}]}<\/script>\n<!-- \/ Yoast SEO plugin. -->","yoast_head_json":{"title":"Artisan d'Art - Vive Cr\u00e9ations","robots":{"index":"index","follow":"follow","max-snippet":"max-snippet:-1","max-image-preview":"max-image-preview:large","max-video-preview":"max-video-preview:-1"},"canonical":"https:\/\/vivecreations.com\/vitrine\/artisan-dart\/","og_locale":"fr_FR","og_type":"article","og_title":"Artisan d'Art - Vive Cr\u00e9ations","og_description":"Voici le certificat attribu\u00e9 par la Chambre des M\u00e9tiers et de l\u2019Artisanat. Au-del\u00e0 d\u2019une reconnaissance de mon travail d\u2019artisan, je souhaite qu\u2019il participe \u00e0 la confiance que vous pouvez accorder \u00e0 la qualit\u00e9 de mes articles.","og_url":"https:\/\/vivecreations.com\/vitrine\/artisan-dart\/","og_site_name":"Vive Cr\u00e9ations","article_modified_time":"2026-04-07T15:57:46+00:00","og_image":[{"width":1200,"height":842,"url":"https:\/\/vivecreations.com\/wp-content\/uploads\/2019\/01\/Certificat-Artisan-dArt-7fc.jpeg","type":"image\/jpeg"}],"twitter_card":"summary_large_image","twitter_misc":{"Dur\u00e9e de lecture estim\u00e9e":"1 minute"},"schema":{"@context":"https:\/\/schema.org","@graph":[{"@type":"WebPage","@id":"https:\/\/vivecreations.com\/vitrine\/artisan-dart\/","url":"https:\/\/vivecreations.com\/vitrine\/artisan-dart\/","name":"Artisan d'Art - Vive Cr\u00e9ations","isPartOf":{"@id":"https:\/\/vivecreations.com\/vitrine\/#website"},"primaryImageOfPage":{"@id":"https:\/\/vivecreations.com\/vitrine\/artisan-dart\/#primaryimage"},"image":{"@id":"https:\/\/vivecreations.com\/vitrine\/artisan-dart\/#primaryimage"},"thumbnailUrl":"https:\/\/vivecreations.com\/wp-content\/uploads\/2019\/01\/Certificat-Artisan-dArt-7fc.jpeg","datePublished":"2026-03-17T18:51:42+00:00","dateModified":"2026-04-07T15:57:46+00:00","breadcrumb":{"@id":"https:\/\/vivecreations.com\/vitrine\/artisan-dart\/#breadcrumb"},"inLanguage":"fr-FR","potentialAction":[{"@type":"ReadAction","target":["https:\/\/vivecreations.com\/vitrine\/artisan-dart\/"]}]},{"@type":"ImageObject","inLanguage":"fr-FR","@id":"https:\/\/vivecreations.com\/vitrine\/artisan-dart\/#primaryimage","url":"https:\/\/vivecreations.com\/wp-content\/uploads\/2019\/01\/Certificat-Artisan-dArt-7fc.jpeg","contentUrl":"https:\/\/vivecreations.com\/wp-content\/uploads\/2019\/01\/Certificat-Artisan-dArt-7fc.jpeg"},{"@type":"BreadcrumbList","@id":"https:\/\/vivecreations.com\/vitrine\/artisan-dart\/#breadcrumb","itemListElement":[{"@type":"ListItem","position":1,"name":"Accueil","item":"https:\/\/vivecreations.com\/vitrine\/"},{"@type":"ListItem","position":2,"name":"Artisan d&rsquo;Art"}]},{"@type":"WebSite","@id":"https:\/\/vivecreations.com\/vitrine\/#website","url":"https:\/\/vivecreations.com\/vitrine\/","name":"Vive Cr\u00e9ations","description":"Cr\u00e9ation de maroquinerie artisanale, cuir v\u00e9ritable","publisher":{"@id":"https:\/\/vivecreations.com\/vitrine\/#\/schema\/person\/6d1da62b503cf195a0efa0a32dafb3a0"},"potentialAction":[{"@type":"SearchAction","target":{"@type":"EntryPoint","urlTemplate":"https:\/\/vivecreations.com\/vitrine\/?s={search_term_string}"},"query-input":{"@type":"PropertyValueSpecification","valueRequired":true,"valueName":"search_term_string"}}],"inLanguage":"fr-FR"},{"@type":["Person","Organization"],"@id":"https:\/\/vivecreations.com\/vitrine\/#\/schema\/person\/6d1da62b503cf195a0efa0a32dafb3a0","name":"V\u00e9ronique PLATEAU-LACOSTE","image":{"@type":"ImageObject","inLanguage":"fr-FR","@id":"https:\/\/vivecreations.com\/wp-content\/uploads\/2026\/03\/LOGO-VIVE-Original-GRAND-e1773771283177.jpg","url":"https:\/\/vivecreations.com\/wp-content\/uploads\/2026\/03\/LOGO-VIVE-Original-GRAND-e1773771283177.jpg","contentUrl":"https:\/\/vivecreations.com\/wp-content\/uploads\/2026\/03\/LOGO-VIVE-Original-GRAND-e1773771283177.jpg","width":2006,"height":642,"caption":"V\u00e9ronique PLATEAU-LACOSTE"},"logo":{"@id":"https:\/\/vivecreations.com\/wp-content\/uploads\/2026\/03\/LOGO-VIVE-Original-GRAND-e1773771283177.jpg"},"sameAs":["http:\/\/vivecreations.com"]}]}},"_links":{"self":[{"href":"https:\/\/vivecreations.com\/vitrine\/wp-json\/wp\/v2\/pages\/1059","targetHints":{"allow":["GET"]}}],"collection":[{"href":"https:\/\/vivecreations.com\/vitrine\/wp-json\/wp\/v2\/pages"}],"about":[{"href":"https:\/\/vivecreations.com\/vitrine\/wp-json\/wp\/v2\/types\/page"}],"author":[{"embeddable":true,"href":"https:\/\/vivecreations.com\/vitrine\/wp-json\/wp\/v2\/users\/1"}],"replies":[{"embeddable":true,"href":"https:\/\/vivecreations.com\/vitrine\/wp-json\/wp\/v2\/comments?post=1059"}],"version-history":[{"count":7,"href":"https:\/\/vivecreations.com\/vitrine\/wp-json\/wp\/v2\/pages\/1059\/revisions"}],"predecessor-version":[{"id":1716,"href":"https:\/\/vivecreations.com\/vitrine\/wp-json\/wp\/v2\/pages\/1059\/revisions\/1716"}],"wp:attachment":[{"href":"https:\/\/vivecreations.com\/vitrine\/wp-json\/wp\/v2\/media?parent=1059"}],"curies":[{"name":"wp","href":"https:\/\/api.w.org\/{rel}","templated":true}]}}